{"id":88,"date":"2019-07-19T22:47:34","date_gmt":"2019-07-19T20:47:34","guid":{"rendered":"http:\/\/www.corneliagraef.de\/textberatung\/?page_id=88"},"modified":"2022-02-22T10:29:27","modified_gmt":"2022-02-22T09:29:27","slug":"honorar","status":"publish","type":"page","link":"https:\/\/www.corneliagraef.de\/textberatung\/honorar\/","title":{"rendered":"Honorar"},"content":{"rendered":"<p>Sie m\u00f6chten mit mir zusammenarbeiten? <strong>Gerne erstelle ich Ihnen ein individuelles Angebot.<\/strong><\/p>\n<p>Bitte haben Sie Verst\u00e4ndnis daf\u00fcr, dass ich hier keine standardisierten Preislisten angeben kann, denn das Honorar variiert z.\u00a0B. hinsichtlich folgender Faktoren:<\/p>\n<ul>\n<li>\u00dcbersetzung: Niveau, Deutsch-Englisch oder Englisch-Deutsch<\/li>\n<li>Texterstellung: Recherche-Bedarf, Vorlagen (Stichworte? Alternative Texte? etc.)<\/li>\n<li>Zeitrahmen (Deadline, Wochenend-Express, etc.)<\/li>\n<li>Art der Zusammenarbeit (dauerhaft, einzelnes Projekt, einzelner Text, etc.)<\/li>\n<\/ul>\n<p>Sie k\u00f6nnen versichert sein, dass ich mich Ihrem <strong>Auftrag mit vollem Engagement widme<\/strong> und Sie auf meine <strong>langj\u00e4hrige Erfahrung<\/strong> bauen k\u00f6nnen.<\/p>\n<p>Sie erhalten nach Ende des Projekts (bei dauerhafter Zusammenarbeit monatlich) eine <strong>Rechnung mit ausgewiesener Umsatzsteuer<\/strong>. (Abrechnungen bei Zusammenarbeit mit Agenturen u.\u00a0\u00c4. sind selbstverst\u00e4ndlich ebenfalls m\u00f6glich.)<\/p>\n","protected":false},"excerpt":{"rendered":"<p>Sie m\u00f6chten mit mir zusammenarbeiten? Gerne erstelle ich Ihnen ein individuelles Angebot. Bitte haben Sie Verst\u00e4ndnis daf\u00fcr, dass ich hier keine standardisierten Preislisten angeben kann, denn das Honorar variiert z.\u00a0B. hinsichtlich folgender Faktoren: \u00dcbersetzung: Niveau, Deutsch-Englisch oder Englisch-Deutsch Texterstellung: Recherche-Bedarf, Vorlagen (Stichworte? Alternative Texte? etc.) Zeitrahmen (Deadline, Wochenend-Express, etc.) Art der Zusammenarbeit (dauerhaft, einzelnes Projekt, &hellip; <\/p>\n<p class=\"link-more\"><a href=\"https:\/\/www.corneliagraef.de\/textberatung\/honorar\/\" class=\"more-link\"><span class=\"screen-reader-text\">\u201eHonorar\u201c<\/span> weiterlesen<\/a><\/p>\n","protected":false},"author":1,"featured_media":0,"parent":0,"menu_order":0,"comment_status":"closed","ping_status":"closed","template":"","meta":{"inline_featured_image":false,"_monsterinsights_skip_tracking":false,"_monsterinsights_sitenote_active":false,"_monsterinsights_sitenote_note":"","_monsterinsights_sitenote_category":0,"footnotes":""},"class_list":["post-88","page","type-page","status-publish","hentry"],"yoast_head":"<!-- This site is optimized with the Yoast SEO plugin v26.0 - https:\/\/yoast.com\/wordpress\/plugins\/seo\/ -->\n<title>Honorar - Cornelia Gr\u00e4f<\/title>\n<meta name=\"description\" content=\"Sie m\u00f6chten die Kosten f\u00fcr Ihr Projekt wissen? Gerne unterbreite ich Ihnen ein individuelles Angebot f\u00fcr Texterstellung, Korrektur oder \u00dcbersetzung.\" \/>\n<meta name=\"robots\" content=\"index, follow, max-snippet:-1, max-image-preview:large, max-video-preview:-1\" \/>\n<link rel=\"canonical\" href=\"https:\/\/www.corneliagraef.de\/textberatung\/honorar\/\" \/>\n<meta property=\"og:locale\" content=\"de_DE\" \/>\n<meta property=\"og:type\" content=\"article\" \/>\n<meta property=\"og:title\" content=\"Honorar - Cornelia Gr\u00e4f\" \/>\n<meta property=\"og:description\" content=\"Sie m\u00f6chten die Kosten f\u00fcr Ihr Projekt wissen? Gerne unterbreite ich Ihnen ein individuelles Angebot f\u00fcr Texterstellung, Korrektur oder \u00dcbersetzung.\" \/>\n<meta property=\"og:url\" content=\"https:\/\/www.corneliagraef.de\/textberatung\/honorar\/\" \/>\n<meta property=\"og:site_name\" content=\"Cornelia Gr\u00e4f\" \/>\n<meta property=\"article:modified_time\" content=\"2022-02-22T09:29:27+00:00\" \/>\n<meta name=\"twitter:card\" content=\"summary_large_image\" \/>\n<meta name=\"twitter:label1\" content=\"Gesch\u00e4tzte Lesezeit\" \/>\n\t<meta name=\"twitter:data1\" content=\"1\u00a0Minute\" \/>\n<script type=\"application\/ld+json\" class=\"yoast-schema-graph\">{\"@context\":\"https:\/\/schema.org\",\"@graph\":[{\"@type\":\"WebPage\",\"@id\":\"https:\/\/www.corneliagraef.de\/textberatung\/honorar\/\",\"url\":\"https:\/\/www.corneliagraef.de\/textberatung\/honorar\/\",\"name\":\"Honorar - Cornelia Gr\u00e4f\",\"isPartOf\":{\"@id\":\"https:\/\/www.corneliagraef.de\/textberatung\/#website\"},\"datePublished\":\"2019-07-19T20:47:34+00:00\",\"dateModified\":\"2022-02-22T09:29:27+00:00\",\"description\":\"Sie m\u00f6chten die Kosten f\u00fcr Ihr Projekt wissen? Gerne unterbreite ich Ihnen ein individuelles Angebot f\u00fcr Texterstellung, Korrektur oder \u00dcbersetzung.\",\"breadcrumb\":{\"@id\":\"https:\/\/www.corneliagraef.de\/textberatung\/honorar\/#breadcrumb\"},\"inLanguage\":\"de\",\"potentialAction\":[{\"@type\":\"ReadAction\",\"target\":[\"https:\/\/www.corneliagraef.de\/textberatung\/honorar\/\"]}]},{\"@type\":\"BreadcrumbList\",\"@id\":\"https:\/\/www.corneliagraef.de\/textberatung\/honorar\/#breadcrumb\",\"itemListElement\":[{\"@type\":\"ListItem\",\"position\":1,\"name\":\"Home\",\"item\":\"https:\/\/www.corneliagraef.de\/textberatung\/\"},{\"@type\":\"ListItem\",\"position\":2,\"name\":\"Honorar\"}]},{\"@type\":\"WebSite\",\"@id\":\"https:\/\/www.corneliagraef.de\/textberatung\/#website\",\"url\":\"https:\/\/www.corneliagraef.de\/textberatung\/\",\"name\":\"Cornelia Gr\u00e4f\",\"description\":\"\",\"publisher\":{\"@id\":\"https:\/\/www.corneliagraef.de\/textberatung\/#organization\"},\"potentialAction\":[{\"@type\":\"SearchAction\",\"target\":{\"@type\":\"EntryPoint\",\"urlTemplate\":\"https:\/\/www.corneliagraef.de\/textberatung\/?s={search_term_string}\"},\"query-input\":{\"@type\":\"PropertyValueSpecification\",\"valueRequired\":true,\"valueName\":\"search_term_string\"}}],\"inLanguage\":\"de\"},{\"@type\":\"Organization\",\"@id\":\"https:\/\/www.corneliagraef.de\/textberatung\/#organization\",\"name\":\"Cornelia Gr\u00e4f\",\"url\":\"https:\/\/www.corneliagraef.de\/textberatung\/\",\"logo\":{\"@type\":\"ImageObject\",\"inLanguage\":\"de\",\"@id\":\"https:\/\/www.corneliagraef.de\/textberatung\/#\/schema\/logo\/image\/\",\"url\":\"https:\/\/www.corneliagraef.de\/wp-content\/uploads\/sites\/3\/2019\/08\/cropped-Hero_Textberatung-03_neu.jpg\",\"contentUrl\":\"https:\/\/www.corneliagraef.de\/wp-content\/uploads\/sites\/3\/2019\/08\/cropped-Hero_Textberatung-03_neu.jpg\",\"width\":249,\"height\":250,\"caption\":\"Cornelia Gr\u00e4f\"},\"image\":{\"@id\":\"https:\/\/www.corneliagraef.de\/textberatung\/#\/schema\/logo\/image\/\"}}]}<\/script>\n<!-- \/ Yoast SEO plugin. -->","yoast_head_json":{"title":"Honorar - Cornelia Gr\u00e4f","description":"Sie m\u00f6chten die Kosten f\u00fcr Ihr Projekt wissen? Gerne unterbreite ich Ihnen ein individuelles Angebot f\u00fcr Texterstellung, Korrektur oder \u00dcbersetzung.","robots":{"index":"index","follow":"follow","max-snippet":"max-snippet:-1","max-image-preview":"max-image-preview:large","max-video-preview":"max-video-preview:-1"},"canonical":"https:\/\/www.corneliagraef.de\/textberatung\/honorar\/","og_locale":"de_DE","og_type":"article","og_title":"Honorar - Cornelia Gr\u00e4f","og_description":"Sie m\u00f6chten die Kosten f\u00fcr Ihr Projekt wissen? Gerne unterbreite ich Ihnen ein individuelles Angebot f\u00fcr Texterstellung, Korrektur oder \u00dcbersetzung.","og_url":"https:\/\/www.corneliagraef.de\/textberatung\/honorar\/","og_site_name":"Cornelia Gr\u00e4f","article_modified_time":"2022-02-22T09:29:27+00:00","twitter_card":"summary_large_image","twitter_misc":{"Gesch\u00e4tzte Lesezeit":"1\u00a0Minute"},"schema":{"@context":"https:\/\/schema.org","@graph":[{"@type":"WebPage","@id":"https:\/\/www.corneliagraef.de\/textberatung\/honorar\/","url":"https:\/\/www.corneliagraef.de\/textberatung\/honorar\/","name":"Honorar - Cornelia Gr\u00e4f","isPartOf":{"@id":"https:\/\/www.corneliagraef.de\/textberatung\/#website"},"datePublished":"2019-07-19T20:47:34+00:00","dateModified":"2022-02-22T09:29:27+00:00","description":"Sie m\u00f6chten die Kosten f\u00fcr Ihr Projekt wissen? Gerne unterbreite ich Ihnen ein individuelles Angebot f\u00fcr Texterstellung, Korrektur oder \u00dcbersetzung.","breadcrumb":{"@id":"https:\/\/www.corneliagraef.de\/textberatung\/honorar\/#breadcrumb"},"inLanguage":"de","potentialAction":[{"@type":"ReadAction","target":["https:\/\/www.corneliagraef.de\/textberatung\/honorar\/"]}]},{"@type":"BreadcrumbList","@id":"https:\/\/www.corneliagraef.de\/textberatung\/honorar\/#breadcrumb","itemListElement":[{"@type":"ListItem","position":1,"name":"Home","item":"https:\/\/www.corneliagraef.de\/textberatung\/"},{"@type":"ListItem","position":2,"name":"Honorar"}]},{"@type":"WebSite","@id":"https:\/\/www.corneliagraef.de\/textberatung\/#website","url":"https:\/\/www.corneliagraef.de\/textberatung\/","name":"Cornelia Gr\u00e4f","description":"","publisher":{"@id":"https:\/\/www.corneliagraef.de\/textberatung\/#organization"},"potentialAction":[{"@type":"SearchAction","target":{"@type":"EntryPoint","urlTemplate":"https:\/\/www.corneliagraef.de\/textberatung\/?s={search_term_string}"},"query-input":{"@type":"PropertyValueSpecification","valueRequired":true,"valueName":"search_term_string"}}],"inLanguage":"de"},{"@type":"Organization","@id":"https:\/\/www.corneliagraef.de\/textberatung\/#organization","name":"Cornelia Gr\u00e4f","url":"https:\/\/www.corneliagraef.de\/textberatung\/","logo":{"@type":"ImageObject","inLanguage":"de","@id":"https:\/\/www.corneliagraef.de\/textberatung\/#\/schema\/logo\/image\/","url":"https:\/\/www.corneliagraef.de\/wp-content\/uploads\/sites\/3\/2019\/08\/cropped-Hero_Textberatung-03_neu.jpg","contentUrl":"https:\/\/www.corneliagraef.de\/wp-content\/uploads\/sites\/3\/2019\/08\/cropped-Hero_Textberatung-03_neu.jpg","width":249,"height":250,"caption":"Cornelia Gr\u00e4f"},"image":{"@id":"https:\/\/www.corneliagraef.de\/textberatung\/#\/schema\/logo\/image\/"}}]}},"_links":{"self":[{"href":"https:\/\/www.corneliagraef.de\/textberatung\/wp-json\/wp\/v2\/pages\/88","targetHints":{"allow":["GET"]}}],"collection":[{"href":"https:\/\/www.corneliagraef.de\/textberatung\/wp-json\/wp\/v2\/pages"}],"about":[{"href":"https:\/\/www.corneliagraef.de\/textberatung\/wp-json\/wp\/v2\/types\/page"}],"author":[{"embeddable":true,"href":"https:\/\/www.corneliagraef.de\/textberatung\/wp-json\/wp\/v2\/users\/1"}],"replies":[{"embeddable":true,"href":"https:\/\/www.corneliagraef.de\/textberatung\/wp-json\/wp\/v2\/comments?post=88"}],"version-history":[{"count":6,"href":"https:\/\/www.corneliagraef.de\/textberatung\/wp-json\/wp\/v2\/pages\/88\/revisions"}],"predecessor-version":[{"id":370,"href":"https:\/\/www.corneliagraef.de\/textberatung\/wp-json\/wp\/v2\/pages\/88\/revisions\/370"}],"wp:attachment":[{"href":"https:\/\/www.corneliagraef.de\/textberatung\/wp-json\/wp\/v2\/media?parent=88"}],"curies":[{"name":"wp","href":"https:\/\/api.w.org\/{rel}","templated":true}]}}