{"id":5,"date":"2019-05-01T15:57:42","date_gmt":"2019-05-01T13:57:42","guid":{"rendered":"http:\/\/www.corneliagraef.de\/textberatung\/?page_id=5"},"modified":"2020-10-26T08:56:58","modified_gmt":"2020-10-26T07:56:58","slug":"allgemein","status":"publish","type":"page","link":"https:\/\/www.corneliagraef.de\/textberatung\/","title":{"rendered":"Allgemein"},"content":{"rendered":"<h1><img loading=\"lazy\" decoding=\"async\" class=\"alignleft wp-image-81 \" src=\"http:\/\/www.corneliagraef.de\/textberatung\/wp-content\/uploads\/sites\/3\/2019\/07\/cornelia-gr\u00e4f-foto.1024x1024-300x300.jpg\" alt=\"Cornelia Gr\u00e4f\" width=\"175\" height=\"175\" srcset=\"https:\/\/www.corneliagraef.de\/wp-content\/uploads\/sites\/3\/2019\/07\/cornelia-gr\u00e4f-foto.1024x1024-300x300.jpg 300w, https:\/\/www.corneliagraef.de\/wp-content\/uploads\/sites\/3\/2019\/07\/cornelia-gr\u00e4f-foto.1024x1024-150x150.jpg 150w, https:\/\/www.corneliagraef.de\/wp-content\/uploads\/sites\/3\/2019\/07\/cornelia-gr\u00e4f-foto.1024x1024-768x768.jpg 768w, https:\/\/www.corneliagraef.de\/wp-content\/uploads\/sites\/3\/2019\/07\/cornelia-gr\u00e4f-foto.1024x1024-100x100.jpg 100w, https:\/\/www.corneliagraef.de\/wp-content\/uploads\/sites\/3\/2019\/07\/cornelia-gr\u00e4f-foto.1024x1024.jpg 1024w\" sizes=\"auto, (max-width: 175px) 100vw, 175px\" \/>Herzlich willkommen!<\/h1>\n<p>Mein Name ist Cornelia Gr\u00e4f und ich freue mich, Sie mit meiner Arbeit online und offline zu unterst\u00fctzen.<\/p>\n<p>Ich biete Ihnen Textberatung, Texten, Korrekturlesen, Lektorat sowie \u00dcbersetzungen Deutsch-Englisch auf professionellem Niveau.<\/p>\n<p>Ganz gleich, ob Sie hier in Essen im Ruhrgebiet, in Deutschland, Europa oder der Welt ans\u00e4ssig sind \u2013 gerne arbeite ich vertrauensvoll mit Ihnen f\u00fcr den Erfolg Ihres Projekts zusammen.<\/p>\n<p>Zu meinen Kunden geh\u00f6ren weltweit agierende Agenturen und Unternehmen ebenso wie kleine und mittelst\u00e4ndische Unternehmen, Solo-Selbstst\u00e4ndige und Privatleute.\u00a0Erfahren Sie hier mehr \u00fcber meinen <a href=\"http:\/\/www.corneliagraef.de\/textberatung\/werdegang\/\">Werdegang<\/a>, meine <a href=\"http:\/\/www.corneliagraef.de\/textberatung\/qualifikationen\/\">Qualifikationen<\/a> und <a href=\"http:\/\/www.corneliagraef.de\/textberatung\/referenzen\/\">Referenzen<\/a>.\u00a0<\/p>\n<p>Wenn Sie Fragen zu meinem Angebot haben oder gerne mit mir zusammenarbeiten m\u00f6chten, nehmen Sie einfach mit mir <a href=\"https:\/\/www.corneliagraef.de\/textberatung\/kontakt\/\">Kontakt<\/a> auf!<\/p>\n\n\n<p><\/p>\n","protected":false},"excerpt":{"rendered":"<p>Herzlich willkommen! Mein Name ist Cornelia Gr\u00e4f und ich freue mich, Sie mit meiner Arbeit online und offline zu unterst\u00fctzen. Ich biete Ihnen Textberatung, Texten, Korrekturlesen, Lektorat sowie \u00dcbersetzungen Deutsch-Englisch auf professionellem Niveau. Ganz gleich, ob Sie hier in Essen im Ruhrgebiet, in Deutschland, Europa oder der Welt ans\u00e4ssig sind \u2013 gerne arbeite ich vertrauensvoll &hellip; <\/p>\n<p class=\"link-more\"><a href=\"https:\/\/www.corneliagraef.de\/textberatung\/\" class=\"more-link\"><span class=\"screen-reader-text\">\u201eAllgemein\u201c<\/span> weiterlesen<\/a><\/p>\n","protected":false},"author":1,"featured_media":0,"parent":0,"menu_order":0,"comment_status":"closed","ping_status":"closed","template":"","meta":{"inline_featured_image":false,"_monsterinsights_skip_tracking":false,"_monsterinsights_sitenote_active":false,"_monsterinsights_sitenote_note":"","_monsterinsights_sitenote_category":0,"footnotes":""},"class_list":["post-5","page","type-page","status-publish","hentry"],"yoast_head":"<!-- This site is optimized with the Yoast SEO plugin v26.0 - https:\/\/yoast.com\/wordpress\/plugins\/seo\/ -->\n<title>Cornelia Gr\u00e4f \u2013 Textberatung, \u00dcbersetzung &amp; mehr<\/title>\n<meta name=\"description\" content=\"Ich biete Ihnen professionelle Text-Erstellung, Korrekturlesen, Lektorat &amp; \u00dcbersetzungen Englisch-Deutsch. Nehmen Sie Kontakt auf!\" \/>\n<meta name=\"robots\" content=\"index, follow, max-snippet:-1, max-image-preview:large, max-video-preview:-1\" \/>\n<link rel=\"canonical\" href=\"https:\/\/www.corneliagraef.de\/textberatung\/\" \/>\n<meta property=\"og:locale\" content=\"de_DE\" \/>\n<meta property=\"og:type\" content=\"article\" \/>\n<meta property=\"og:title\" content=\"Cornelia Gr\u00e4f \u2013 Textberatung, \u00dcbersetzung &amp; mehr\" \/>\n<meta property=\"og:description\" content=\"Ich biete Ihnen professionelle Text-Erstellung, Korrekturlesen, Lektorat &amp; \u00dcbersetzungen Englisch-Deutsch. Nehmen Sie Kontakt auf!\" \/>\n<meta property=\"og:url\" content=\"https:\/\/www.corneliagraef.de\/textberatung\/\" \/>\n<meta property=\"og:site_name\" content=\"Cornelia Gr\u00e4f\" \/>\n<meta property=\"article:modified_time\" content=\"2020-10-26T07:56:58+00:00\" \/>\n<meta name=\"twitter:card\" content=\"summary_large_image\" \/>\n<meta name=\"twitter:label1\" content=\"Gesch\u00e4tzte Lesezeit\" \/>\n\t<meta name=\"twitter:data1\" content=\"1\u00a0Minute\" \/>\n<script type=\"application\/ld+json\" class=\"yoast-schema-graph\">{\"@context\":\"https:\/\/schema.org\",\"@graph\":[{\"@type\":\"WebPage\",\"@id\":\"https:\/\/www.corneliagraef.de\/textberatung\/\",\"url\":\"https:\/\/www.corneliagraef.de\/textberatung\/\",\"name\":\"Cornelia Gr\u00e4f \u2013 Textberatung, \u00dcbersetzung & mehr\",\"isPartOf\":{\"@id\":\"https:\/\/www.corneliagraef.de\/textberatung\/#website\"},\"datePublished\":\"2019-05-01T13:57:42+00:00\",\"dateModified\":\"2020-10-26T07:56:58+00:00\",\"description\":\"Ich biete Ihnen professionelle Text-Erstellung, Korrekturlesen, Lektorat & \u00dcbersetzungen Englisch-Deutsch. Nehmen Sie Kontakt auf!\",\"breadcrumb\":{\"@id\":\"https:\/\/www.corneliagraef.de\/textberatung\/#breadcrumb\"},\"inLanguage\":\"de\",\"potentialAction\":[{\"@type\":\"ReadAction\",\"target\":[\"https:\/\/www.corneliagraef.de\/textberatung\/\"]}]},{\"@type\":\"BreadcrumbList\",\"@id\":\"https:\/\/www.corneliagraef.de\/textberatung\/#breadcrumb\",\"itemListElement\":[{\"@type\":\"ListItem\",\"position\":1,\"name\":\"Home\",\"item\":\"https:\/\/www.corneliagraef.de\/textberatung\/\"},{\"@type\":\"ListItem\",\"position\":2,\"name\":\"Allgemein\"}]},{\"@type\":\"WebSite\",\"@id\":\"https:\/\/www.corneliagraef.de\/textberatung\/#website\",\"url\":\"https:\/\/www.corneliagraef.de\/textberatung\/\",\"name\":\"Cornelia Gr\u00e4f\",\"description\":\"\",\"publisher\":{\"@id\":\"https:\/\/www.corneliagraef.de\/textberatung\/#organization\"},\"potentialAction\":[{\"@type\":\"SearchAction\",\"target\":{\"@type\":\"EntryPoint\",\"urlTemplate\":\"https:\/\/www.corneliagraef.de\/textberatung\/?s={search_term_string}\"},\"query-input\":{\"@type\":\"PropertyValueSpecification\",\"valueRequired\":true,\"valueName\":\"search_term_string\"}}],\"inLanguage\":\"de\"},{\"@type\":\"Organization\",\"@id\":\"https:\/\/www.corneliagraef.de\/textberatung\/#organization\",\"name\":\"Cornelia Gr\u00e4f\",\"url\":\"https:\/\/www.corneliagraef.de\/textberatung\/\",\"logo\":{\"@type\":\"ImageObject\",\"inLanguage\":\"de\",\"@id\":\"https:\/\/www.corneliagraef.de\/textberatung\/#\/schema\/logo\/image\/\",\"url\":\"https:\/\/www.corneliagraef.de\/wp-content\/uploads\/sites\/3\/2019\/08\/cropped-Hero_Textberatung-03_neu.jpg\",\"contentUrl\":\"https:\/\/www.corneliagraef.de\/wp-content\/uploads\/sites\/3\/2019\/08\/cropped-Hero_Textberatung-03_neu.jpg\",\"width\":249,\"height\":250,\"caption\":\"Cornelia Gr\u00e4f\"},\"image\":{\"@id\":\"https:\/\/www.corneliagraef.de\/textberatung\/#\/schema\/logo\/image\/\"}}]}<\/script>\n<!-- \/ Yoast SEO plugin. -->","yoast_head_json":{"title":"Cornelia Gr\u00e4f \u2013 Textberatung, \u00dcbersetzung & mehr","description":"Ich biete Ihnen professionelle Text-Erstellung, Korrekturlesen, Lektorat & \u00dcbersetzungen Englisch-Deutsch. Nehmen Sie Kontakt auf!","robots":{"index":"index","follow":"follow","max-snippet":"max-snippet:-1","max-image-preview":"max-image-preview:large","max-video-preview":"max-video-preview:-1"},"canonical":"https:\/\/www.corneliagraef.de\/textberatung\/","og_locale":"de_DE","og_type":"article","og_title":"Cornelia Gr\u00e4f \u2013 Textberatung, \u00dcbersetzung & mehr","og_description":"Ich biete Ihnen professionelle Text-Erstellung, Korrekturlesen, Lektorat & \u00dcbersetzungen Englisch-Deutsch. Nehmen Sie Kontakt auf!","og_url":"https:\/\/www.corneliagraef.de\/textberatung\/","og_site_name":"Cornelia Gr\u00e4f","article_modified_time":"2020-10-26T07:56:58+00:00","twitter_card":"summary_large_image","twitter_misc":{"Gesch\u00e4tzte Lesezeit":"1\u00a0Minute"},"schema":{"@context":"https:\/\/schema.org","@graph":[{"@type":"WebPage","@id":"https:\/\/www.corneliagraef.de\/textberatung\/","url":"https:\/\/www.corneliagraef.de\/textberatung\/","name":"Cornelia Gr\u00e4f \u2013 Textberatung, \u00dcbersetzung & mehr","isPartOf":{"@id":"https:\/\/www.corneliagraef.de\/textberatung\/#website"},"datePublished":"2019-05-01T13:57:42+00:00","dateModified":"2020-10-26T07:56:58+00:00","description":"Ich biete Ihnen professionelle Text-Erstellung, Korrekturlesen, Lektorat & \u00dcbersetzungen Englisch-Deutsch. Nehmen Sie Kontakt auf!","breadcrumb":{"@id":"https:\/\/www.corneliagraef.de\/textberatung\/#breadcrumb"},"inLanguage":"de","potentialAction":[{"@type":"ReadAction","target":["https:\/\/www.corneliagraef.de\/textberatung\/"]}]},{"@type":"BreadcrumbList","@id":"https:\/\/www.corneliagraef.de\/textberatung\/#breadcrumb","itemListElement":[{"@type":"ListItem","position":1,"name":"Home","item":"https:\/\/www.corneliagraef.de\/textberatung\/"},{"@type":"ListItem","position":2,"name":"Allgemein"}]},{"@type":"WebSite","@id":"https:\/\/www.corneliagraef.de\/textberatung\/#website","url":"https:\/\/www.corneliagraef.de\/textberatung\/","name":"Cornelia Gr\u00e4f","description":"","publisher":{"@id":"https:\/\/www.corneliagraef.de\/textberatung\/#organization"},"potentialAction":[{"@type":"SearchAction","target":{"@type":"EntryPoint","urlTemplate":"https:\/\/www.corneliagraef.de\/textberatung\/?s={search_term_string}"},"query-input":{"@type":"PropertyValueSpecification","valueRequired":true,"valueName":"search_term_string"}}],"inLanguage":"de"},{"@type":"Organization","@id":"https:\/\/www.corneliagraef.de\/textberatung\/#organization","name":"Cornelia Gr\u00e4f","url":"https:\/\/www.corneliagraef.de\/textberatung\/","logo":{"@type":"ImageObject","inLanguage":"de","@id":"https:\/\/www.corneliagraef.de\/textberatung\/#\/schema\/logo\/image\/","url":"https:\/\/www.corneliagraef.de\/wp-content\/uploads\/sites\/3\/2019\/08\/cropped-Hero_Textberatung-03_neu.jpg","contentUrl":"https:\/\/www.corneliagraef.de\/wp-content\/uploads\/sites\/3\/2019\/08\/cropped-Hero_Textberatung-03_neu.jpg","width":249,"height":250,"caption":"Cornelia Gr\u00e4f"},"image":{"@id":"https:\/\/www.corneliagraef.de\/textberatung\/#\/schema\/logo\/image\/"}}]}},"_links":{"self":[{"href":"https:\/\/www.corneliagraef.de\/textberatung\/wp-json\/wp\/v2\/pages\/5","targetHints":{"allow":["GET"]}}],"collection":[{"href":"https:\/\/www.corneliagraef.de\/textberatung\/wp-json\/wp\/v2\/pages"}],"about":[{"href":"https:\/\/www.corneliagraef.de\/textberatung\/wp-json\/wp\/v2\/types\/page"}],"author":[{"embeddable":true,"href":"https:\/\/www.corneliagraef.de\/textberatung\/wp-json\/wp\/v2\/users\/1"}],"replies":[{"embeddable":true,"href":"https:\/\/www.corneliagraef.de\/textberatung\/wp-json\/wp\/v2\/comments?post=5"}],"version-history":[{"count":6,"href":"https:\/\/www.corneliagraef.de\/textberatung\/wp-json\/wp\/v2\/pages\/5\/revisions"}],"predecessor-version":[{"id":344,"href":"https:\/\/www.corneliagraef.de\/textberatung\/wp-json\/wp\/v2\/pages\/5\/revisions\/344"}],"wp:attachment":[{"href":"https:\/\/www.corneliagraef.de\/textberatung\/wp-json\/wp\/v2\/media?parent=5"}],"curies":[{"name":"wp","href":"https:\/\/api.w.org\/{rel}","templated":true}]}}