{"id":29,"date":"2019-05-01T15:59:43","date_gmt":"2019-05-01T13:59:43","guid":{"rendered":"http:\/\/www.corneliagraef.de\/textberatung\/?page_id=29"},"modified":"2020-09-23T13:48:33","modified_gmt":"2020-09-23T11:48:33","slug":"kontakt","status":"publish","type":"page","link":"https:\/\/www.corneliagraef.de\/textberatung\/kontakt\/","title":{"rendered":"Kontakt und Adresse"},"content":{"rendered":"<p><a href=\"http:\/\/www.corneliagraef.de\/textberatung\/wp-content\/uploads\/sites\/3\/2019\/07\/paper-3316269_1280.jpg\"><img loading=\"lazy\" decoding=\"async\" class=\"alignleft size-medium wp-image-128\" src=\"http:\/\/www.corneliagraef.de\/textberatung\/wp-content\/uploads\/sites\/3\/2019\/07\/paper-3316269_1280-300x212.jpg\" alt=\"\" width=\"300\" height=\"212\" srcset=\"https:\/\/www.corneliagraef.de\/wp-content\/uploads\/sites\/3\/2019\/07\/paper-3316269_1280-300x212.jpg 300w, https:\/\/www.corneliagraef.de\/wp-content\/uploads\/sites\/3\/2019\/07\/paper-3316269_1280-768x542.jpg 768w, https:\/\/www.corneliagraef.de\/wp-content\/uploads\/sites\/3\/2019\/07\/paper-3316269_1280-1024x723.jpg 1024w, https:\/\/www.corneliagraef.de\/wp-content\/uploads\/sites\/3\/2019\/07\/paper-3316269_1280.jpg 1280w\" sizes=\"auto, (max-width: 300px) 100vw, 300px\" \/><\/a>Am einfachsten erreichen Sie mich per <a href=\"mailto:kontakt@corneliagraef.de\">E-Mail.<\/a><\/p>\n<p>Gerne k\u00f6nnen Sie sich auch telefonisch unter 0201-45 84 17 62 bei mir melden.<\/p>\n<p>Alternativ k\u00f6nnen Sie gerne \u00fcber die Portale <a href=\"https:\/\/www.xing.com\/profile\/Cornelia_Graef\/\">Xing<\/a> oder <a href=\"https:\/\/www.linkedin.com\/in\/cornelia-gr%C3%A4f-b8818282\/\">LinkedIn<\/a> Kontakt aufnehmen.<\/p>\n<p>Ich freue mich auf Ihre Nachricht!<\/p>\n<p>Bitte beachten Sie: Die von Ihnen \u00fcbermittelten pers\u00f6nlichen Daten wie Name, E-Mail-Adresse und ggf. Telefonnummer werden gespeichert und verarbeitet, um auf Ihre Anfrage zu antworten.<\/p>\n<p>Anschrift:<br \/>\nCornelia Gr\u00e4f \u2013 Nat\u00fcrlich gut beraten \/\/ Alfredstra\u00dfe 325 \/\/ 45133 Essen-Bredeney<\/p>\n","protected":false},"excerpt":{"rendered":"<p>Am einfachsten erreichen Sie mich per E-Mail. Gerne k\u00f6nnen Sie sich auch telefonisch unter 0201-45 84 17 62 bei mir melden. Alternativ k\u00f6nnen Sie gerne \u00fcber die Portale Xing oder LinkedIn Kontakt aufnehmen. Ich freue mich auf Ihre Nachricht! Bitte beachten Sie: Die von Ihnen \u00fcbermittelten pers\u00f6nlichen Daten wie Name, E-Mail-Adresse und ggf. Telefonnummer werden &hellip; <\/p>\n<p class=\"link-more\"><a href=\"https:\/\/www.corneliagraef.de\/textberatung\/kontakt\/\" class=\"more-link\"><span class=\"screen-reader-text\">\u201eKontakt und Adresse\u201c<\/span> weiterlesen<\/a><\/p>\n","protected":false},"author":1,"featured_media":0,"parent":0,"menu_order":0,"comment_status":"closed","ping_status":"closed","template":"","meta":{"inline_featured_image":false,"_monsterinsights_skip_tracking":false,"_monsterinsights_sitenote_active":false,"_monsterinsights_sitenote_note":"","_monsterinsights_sitenote_category":0,"footnotes":""},"class_list":["post-29","page","type-page","status-publish","hentry"],"yoast_head":"<!-- This site is optimized with the Yoast SEO plugin v26.0 - https:\/\/yoast.com\/wordpress\/plugins\/seo\/ -->\n<title>Kontakt - Cornelia Gr\u00e4f<\/title>\n<meta name=\"description\" content=\"Sie m\u00f6chten mit mir f\u00fcr Ihr Textprojekt (Content Creation, Korrektur, Lektorat, \u00dcbersetzung, etc.) zusammenarbeiten? Hier sind meine Kontaktdaten!\" \/>\n<meta name=\"robots\" content=\"index, follow, max-snippet:-1, max-image-preview:large, max-video-preview:-1\" \/>\n<link rel=\"canonical\" href=\"https:\/\/www.corneliagraef.de\/textberatung\/kontakt\/\" \/>\n<meta property=\"og:locale\" content=\"de_DE\" \/>\n<meta property=\"og:type\" content=\"article\" \/>\n<meta property=\"og:title\" content=\"Kontakt - Cornelia Gr\u00e4f\" \/>\n<meta property=\"og:description\" content=\"Sie m\u00f6chten mit mir f\u00fcr Ihr Textprojekt (Content Creation, Korrektur, Lektorat, \u00dcbersetzung, etc.) zusammenarbeiten? Hier sind meine Kontaktdaten!\" \/>\n<meta property=\"og:url\" content=\"https:\/\/www.corneliagraef.de\/textberatung\/kontakt\/\" \/>\n<meta property=\"og:site_name\" content=\"Cornelia Gr\u00e4f\" \/>\n<meta property=\"article:modified_time\" content=\"2020-09-23T11:48:33+00:00\" \/>\n<meta property=\"og:image\" content=\"http:\/\/www.corneliagraef.de\/textberatung\/wp-content\/uploads\/sites\/3\/2019\/07\/paper-3316269_1280-300x212.jpg\" \/>\n<meta name=\"twitter:card\" content=\"summary_large_image\" \/>\n<script type=\"application\/ld+json\" class=\"yoast-schema-graph\">{\"@context\":\"https:\/\/schema.org\",\"@graph\":[{\"@type\":\"WebPage\",\"@id\":\"https:\/\/www.corneliagraef.de\/textberatung\/kontakt\/\",\"url\":\"https:\/\/www.corneliagraef.de\/textberatung\/kontakt\/\",\"name\":\"Kontakt - Cornelia Gr\u00e4f\",\"isPartOf\":{\"@id\":\"https:\/\/www.corneliagraef.de\/textberatung\/#website\"},\"primaryImageOfPage\":{\"@id\":\"https:\/\/www.corneliagraef.de\/textberatung\/kontakt\/#primaryimage\"},\"image\":{\"@id\":\"https:\/\/www.corneliagraef.de\/textberatung\/kontakt\/#primaryimage\"},\"thumbnailUrl\":\"http:\/\/www.corneliagraef.de\/textberatung\/wp-content\/uploads\/sites\/3\/2019\/07\/paper-3316269_1280-300x212.jpg\",\"datePublished\":\"2019-05-01T13:59:43+00:00\",\"dateModified\":\"2020-09-23T11:48:33+00:00\",\"description\":\"Sie m\u00f6chten mit mir f\u00fcr Ihr Textprojekt (Content Creation, Korrektur, Lektorat, \u00dcbersetzung, etc.) zusammenarbeiten? Hier sind meine Kontaktdaten!\",\"breadcrumb\":{\"@id\":\"https:\/\/www.corneliagraef.de\/textberatung\/kontakt\/#breadcrumb\"},\"inLanguage\":\"de\",\"potentialAction\":[{\"@type\":\"ReadAction\",\"target\":[\"https:\/\/www.corneliagraef.de\/textberatung\/kontakt\/\"]}]},{\"@type\":\"ImageObject\",\"inLanguage\":\"de\",\"@id\":\"https:\/\/www.corneliagraef.de\/textberatung\/kontakt\/#primaryimage\",\"url\":\"http:\/\/www.corneliagraef.de\/textberatung\/wp-content\/uploads\/sites\/3\/2019\/07\/paper-3316269_1280-300x212.jpg\",\"contentUrl\":\"http:\/\/www.corneliagraef.de\/textberatung\/wp-content\/uploads\/sites\/3\/2019\/07\/paper-3316269_1280-300x212.jpg\"},{\"@type\":\"BreadcrumbList\",\"@id\":\"https:\/\/www.corneliagraef.de\/textberatung\/kontakt\/#breadcrumb\",\"itemListElement\":[{\"@type\":\"ListItem\",\"position\":1,\"name\":\"Home\",\"item\":\"https:\/\/www.corneliagraef.de\/textberatung\/\"},{\"@type\":\"ListItem\",\"position\":2,\"name\":\"Kontakt und Adresse\"}]},{\"@type\":\"WebSite\",\"@id\":\"https:\/\/www.corneliagraef.de\/textberatung\/#website\",\"url\":\"https:\/\/www.corneliagraef.de\/textberatung\/\",\"name\":\"Cornelia Gr\u00e4f\",\"description\":\"\",\"publisher\":{\"@id\":\"https:\/\/www.corneliagraef.de\/textberatung\/#organization\"},\"potentialAction\":[{\"@type\":\"SearchAction\",\"target\":{\"@type\":\"EntryPoint\",\"urlTemplate\":\"https:\/\/www.corneliagraef.de\/textberatung\/?s={search_term_string}\"},\"query-input\":{\"@type\":\"PropertyValueSpecification\",\"valueRequired\":true,\"valueName\":\"search_term_string\"}}],\"inLanguage\":\"de\"},{\"@type\":\"Organization\",\"@id\":\"https:\/\/www.corneliagraef.de\/textberatung\/#organization\",\"name\":\"Cornelia Gr\u00e4f\",\"url\":\"https:\/\/www.corneliagraef.de\/textberatung\/\",\"logo\":{\"@type\":\"ImageObject\",\"inLanguage\":\"de\",\"@id\":\"https:\/\/www.corneliagraef.de\/textberatung\/#\/schema\/logo\/image\/\",\"url\":\"https:\/\/www.corneliagraef.de\/wp-content\/uploads\/sites\/3\/2019\/08\/cropped-Hero_Textberatung-03_neu.jpg\",\"contentUrl\":\"https:\/\/www.corneliagraef.de\/wp-content\/uploads\/sites\/3\/2019\/08\/cropped-Hero_Textberatung-03_neu.jpg\",\"width\":249,\"height\":250,\"caption\":\"Cornelia Gr\u00e4f\"},\"image\":{\"@id\":\"https:\/\/www.corneliagraef.de\/textberatung\/#\/schema\/logo\/image\/\"}}]}<\/script>\n<!-- \/ Yoast SEO plugin. -->","yoast_head_json":{"title":"Kontakt - Cornelia Gr\u00e4f","description":"Sie m\u00f6chten mit mir f\u00fcr Ihr Textprojekt (Content Creation, Korrektur, Lektorat, \u00dcbersetzung, etc.) zusammenarbeiten? Hier sind meine Kontaktdaten!","robots":{"index":"index","follow":"follow","max-snippet":"max-snippet:-1","max-image-preview":"max-image-preview:large","max-video-preview":"max-video-preview:-1"},"canonical":"https:\/\/www.corneliagraef.de\/textberatung\/kontakt\/","og_locale":"de_DE","og_type":"article","og_title":"Kontakt - Cornelia Gr\u00e4f","og_description":"Sie m\u00f6chten mit mir f\u00fcr Ihr Textprojekt (Content Creation, Korrektur, Lektorat, \u00dcbersetzung, etc.) zusammenarbeiten? Hier sind meine Kontaktdaten!","og_url":"https:\/\/www.corneliagraef.de\/textberatung\/kontakt\/","og_site_name":"Cornelia Gr\u00e4f","article_modified_time":"2020-09-23T11:48:33+00:00","og_image":[{"url":"http:\/\/www.corneliagraef.de\/textberatung\/wp-content\/uploads\/sites\/3\/2019\/07\/paper-3316269_1280-300x212.jpg","type":"","width":"","height":""}],"twitter_card":"summary_large_image","schema":{"@context":"https:\/\/schema.org","@graph":[{"@type":"WebPage","@id":"https:\/\/www.corneliagraef.de\/textberatung\/kontakt\/","url":"https:\/\/www.corneliagraef.de\/textberatung\/kontakt\/","name":"Kontakt - Cornelia Gr\u00e4f","isPartOf":{"@id":"https:\/\/www.corneliagraef.de\/textberatung\/#website"},"primaryImageOfPage":{"@id":"https:\/\/www.corneliagraef.de\/textberatung\/kontakt\/#primaryimage"},"image":{"@id":"https:\/\/www.corneliagraef.de\/textberatung\/kontakt\/#primaryimage"},"thumbnailUrl":"http:\/\/www.corneliagraef.de\/textberatung\/wp-content\/uploads\/sites\/3\/2019\/07\/paper-3316269_1280-300x212.jpg","datePublished":"2019-05-01T13:59:43+00:00","dateModified":"2020-09-23T11:48:33+00:00","description":"Sie m\u00f6chten mit mir f\u00fcr Ihr Textprojekt (Content Creation, Korrektur, Lektorat, \u00dcbersetzung, etc.) zusammenarbeiten? Hier sind meine Kontaktdaten!","breadcrumb":{"@id":"https:\/\/www.corneliagraef.de\/textberatung\/kontakt\/#breadcrumb"},"inLanguage":"de","potentialAction":[{"@type":"ReadAction","target":["https:\/\/www.corneliagraef.de\/textberatung\/kontakt\/"]}]},{"@type":"ImageObject","inLanguage":"de","@id":"https:\/\/www.corneliagraef.de\/textberatung\/kontakt\/#primaryimage","url":"http:\/\/www.corneliagraef.de\/textberatung\/wp-content\/uploads\/sites\/3\/2019\/07\/paper-3316269_1280-300x212.jpg","contentUrl":"http:\/\/www.corneliagraef.de\/textberatung\/wp-content\/uploads\/sites\/3\/2019\/07\/paper-3316269_1280-300x212.jpg"},{"@type":"BreadcrumbList","@id":"https:\/\/www.corneliagraef.de\/textberatung\/kontakt\/#breadcrumb","itemListElement":[{"@type":"ListItem","position":1,"name":"Home","item":"https:\/\/www.corneliagraef.de\/textberatung\/"},{"@type":"ListItem","position":2,"name":"Kontakt und Adresse"}]},{"@type":"WebSite","@id":"https:\/\/www.corneliagraef.de\/textberatung\/#website","url":"https:\/\/www.corneliagraef.de\/textberatung\/","name":"Cornelia Gr\u00e4f","description":"","publisher":{"@id":"https:\/\/www.corneliagraef.de\/textberatung\/#organization"},"potentialAction":[{"@type":"SearchAction","target":{"@type":"EntryPoint","urlTemplate":"https:\/\/www.corneliagraef.de\/textberatung\/?s={search_term_string}"},"query-input":{"@type":"PropertyValueSpecification","valueRequired":true,"valueName":"search_term_string"}}],"inLanguage":"de"},{"@type":"Organization","@id":"https:\/\/www.corneliagraef.de\/textberatung\/#organization","name":"Cornelia Gr\u00e4f","url":"https:\/\/www.corneliagraef.de\/textberatung\/","logo":{"@type":"ImageObject","inLanguage":"de","@id":"https:\/\/www.corneliagraef.de\/textberatung\/#\/schema\/logo\/image\/","url":"https:\/\/www.corneliagraef.de\/wp-content\/uploads\/sites\/3\/2019\/08\/cropped-Hero_Textberatung-03_neu.jpg","contentUrl":"https:\/\/www.corneliagraef.de\/wp-content\/uploads\/sites\/3\/2019\/08\/cropped-Hero_Textberatung-03_neu.jpg","width":249,"height":250,"caption":"Cornelia Gr\u00e4f"},"image":{"@id":"https:\/\/www.corneliagraef.de\/textberatung\/#\/schema\/logo\/image\/"}}]}},"_links":{"self":[{"href":"https:\/\/www.corneliagraef.de\/textberatung\/wp-json\/wp\/v2\/pages\/29","targetHints":{"allow":["GET"]}}],"collection":[{"href":"https:\/\/www.corneliagraef.de\/textberatung\/wp-json\/wp\/v2\/pages"}],"about":[{"href":"https:\/\/www.corneliagraef.de\/textberatung\/wp-json\/wp\/v2\/types\/page"}],"author":[{"embeddable":true,"href":"https:\/\/www.corneliagraef.de\/textberatung\/wp-json\/wp\/v2\/users\/1"}],"replies":[{"embeddable":true,"href":"https:\/\/www.corneliagraef.de\/textberatung\/wp-json\/wp\/v2\/comments?post=29"}],"version-history":[{"count":7,"href":"https:\/\/www.corneliagraef.de\/textberatung\/wp-json\/wp\/v2\/pages\/29\/revisions"}],"predecessor-version":[{"id":341,"href":"https:\/\/www.corneliagraef.de\/textberatung\/wp-json\/wp\/v2\/pages\/29\/revisions\/341"}],"wp:attachment":[{"href":"https:\/\/www.corneliagraef.de\/textberatung\/wp-json\/wp\/v2\/media?parent=29"}],"curies":[{"name":"wp","href":"https:\/\/api.w.org\/{rel}","templated":true}]}}