{"id":23,"date":"2019-05-01T15:59:18","date_gmt":"2019-05-01T13:59:18","guid":{"rendered":"http:\/\/www.corneliagraef.de\/textberatung\/?page_id=23"},"modified":"2019-09-20T10:28:12","modified_gmt":"2019-09-20T08:28:12","slug":"new-york-city-and-me","status":"publish","type":"page","link":"https:\/\/www.corneliagraef.de\/textberatung\/new-york-city-and-me\/","title":{"rendered":"New York City and Me"},"content":{"rendered":"<p>Halb Biografie, halb episodischer Reisef\u00fchrer f\u00fcr New York \u2013 so entstand New York City and Me in den Jahren 2013-2014; zun\u00e4chst als Blog, dann adaptiert als Buch.<\/p>\n<p>Erh\u00e4ltlich als eBook (<a href=\"https:\/\/www.amazon.de\/s?k=9783737578646\">Kindle<\/a>, <a href=\"https:\/\/www.kobo.com\/de\/de\/ebook\/new-york-city-and-me\">Kobo,<\/a> <a href=\"https:\/\/books.apple.com\/de\/book\/new-york-city-and-me\/id1065829587\">AppleBooks<\/a>, <a href=\"https:\/\/books.google.de\/books?vid=ISBN9783737578646&amp;hl=de\">GooglePlay<\/a>) und Taschenbuch (<a href=\"https:\/\/www.amazon.de\/New-York-City-Kleinigkeiten-Gro%C3%9Fartigkeiten\/dp\/3737577587\/\">Amazon<\/a>, <a href=\"https:\/\/www.thalia.de\/shop\/home\/artikeldetails\/ID44264448.html\">Thalia<\/a>, Ihre regionale <a href=\"https:\/\/www.buchhandel.de\/buch\/New-York-City-and-Me-9783737577588\">Buchhandlung<\/a> vor Ort). Wenn Sie das Buch gerne mit pers\u00f6nlicher Widmung haben m\u00f6chten, k\u00f6nnen Sie auch gerne ein Exemplar bei <a href=\"mailto:kontakt@corneliagraef.de\">mir<\/a> bestellen.<\/p>\n<p><a href=\"http:\/\/https:\/\/www.amazon.de\/New-York-City-Kleinigkeiten-Gro%C3%9Fartigkeiten\/dp\/3737577587\/\"><img loading=\"lazy\" decoding=\"async\" class=\"alignleft wp-image-67 size-medium\" src=\"http:\/\/www.corneliagraef.de\/textberatung\/wp-content\/uploads\/sites\/3\/2019\/07\/ebook-1-200x300.jpg\" alt=\"Buchcover New York City and Me\" width=\"200\" height=\"300\" srcset=\"https:\/\/www.corneliagraef.de\/wp-content\/uploads\/sites\/3\/2019\/07\/ebook-1-200x300.jpg 200w, https:\/\/www.corneliagraef.de\/wp-content\/uploads\/sites\/3\/2019\/07\/ebook-1-768x1155.jpg 768w, https:\/\/www.corneliagraef.de\/wp-content\/uploads\/sites\/3\/2019\/07\/ebook-1-681x1024.jpg 681w, https:\/\/www.corneliagraef.de\/wp-content\/uploads\/sites\/3\/2019\/07\/ebook-1.jpg 1064w\" sizes=\"auto, (max-width: 200px) 100vw, 200px\" \/><\/a><\/p>\n<p><strong>Klappentext:<\/strong><\/p>\n<p>Eine junge Frau Ende Zwanzig k\u00fcndigt ihren sicheren Job in Deutschland, um sich ihren Traum zu erf\u00fcllen: f\u00fcr rund ein halbes Jahr im Big Apple leben und arbeiten.<br \/>\nIn \u201eNew York City and\u00a0<span id=\"more_text\">Me&#8220; l\u00e4sst Cornelia B. Gr\u00e4f ihre Leser dieses Abenteuer hautnah miterleben. Mit einer geh\u00f6rigen Portion Humor und feiner Beobachtungsgabe schildert sie die Achterbahn der Gef\u00fchle, die sie dort durchlebt, gew\u00e4hrt Einblicke in das oftmals skurrile Alltagsleben in der Ostk\u00fcstenmetropole und liefert ganz nebenbei eine Vielzahl an Insider-Tipps f\u00fcr den n\u00e4chsten New-York-Urlaub.<\/span><\/p>\n<p><strong>Leseprobe:\u00a0<\/strong><a href=\"https:\/\/www.epubli.de\/preview\/48700\">Hier<\/a> gibt&#8217;s einen Einblick in den Anfang des Buches&#8230;<\/p>\n<p><strong>Mehr Eindr\u00fccke aus NYC?\u00a0 Hier geht&#8217;s zu meinem <a href=\"https:\/\/www.instagram.com\/newyorkcityandme\/\">New York Instagram-Account<\/a>!<\/strong><\/p>\n<h2>Leserstimmen und Bewertungen<\/h2>\n<blockquote>\n<p style=\"text-align: center;\">Mir hat die Geschichte gefallen. Auch die vielen Insider-Tipps zur Stadt machen das Buch f\u00fcr mich absolut lesenswert. Wer neugierig auf die Stadt ist, bekommt mit diesem Buch ein New York gezeigt, welches dort anf\u00e4ngt, wo Reisef\u00fchrer aufh\u00f6ren &#8211; beim einzigartigen Charakter dieser Stadt! (Quelle: <a href=\"https:\/\/www.thalia.de\/shop\/home\/artikeldetails\/ID44264448.html\">Rezension Thalia.de<\/a>)<\/p>\n<hr \/>\n<p style=\"text-align: center;\">Es macht Spa\u00df, mit Cornelia durch New York zu schlendern.<br \/>\nSie liebt Stadt in der Sie auf Zeit lebt, das merkt man auf jeder Seite.<br \/>\nDer Leser erh\u00e4lt viele Insider Tipps, vornehmlich kulinarischer Art, denn Cornelia liebt gutes Essen von herzhaft bis s\u00fc\u00df.<br \/>\nSo landeten in meinem Notizbuch zu New York einige neue Adressen, die beim n\u00e4chsten Aufenthalt besucht und probiert werden sollen.Trotzdem ist das Buch auch wohltuend realistisch, es gibt durchaus aus nachdenkliche Momente beispielsweise mit Heimweh oder mit Problemen an New Yorker Heizungen. Ein echter Tipp das Buch. Gut geschrieben und immer sympathisch authentisch. (Quelle: <a href=\"https:\/\/www.amazon.de\/gp\/customer-reviews\/RWQTQJTOYO2XD\/ref=cm_cr_arp_d_rvw_ttl?ie=UTF8&amp;ASIN=B01GH0QGMC\">Rezension Amazon<\/a>)<\/p>\n<hr \/>\n<p style=\"text-align: center;\">Ein sehr sch\u00f6nes und pers\u00f6nliches Buch \u00fcber New York. Wenn man ein paar Tage vor hat in New York zu bleiben und ein bisschen mehr als das \u00fcbliche zu entdecken, unbedingt lesen. (Quelle: <a href=\"https:\/\/www.amazon.de\/gp\/customer-reviews\/R3E74FTJP8O8P7\/ref=cm_cr_arp_d_rvw_ttl?ie=UTF8&amp;ASIN=B01GH0QGMC\">Rezension Amazon<\/a>)<\/p>\n<hr \/>\n<div id=\"id_5d323a69735f71494647328\" class=\"text_exposed_root text_exposed\" style=\"text-align: center;\">Kleine Gro\u00dfartigkeiten finden den Platz in unseren Schrank und rufen<span class=\"text_exposed_show\">\u00a0gro\u00dfe Kleinigkeiten an Erinnerungen wach. Beim Lesen hatte ich den Duft und Ger\u00e4usche wieder in Nase und Ohren. Wer schon in NY war, kann sich mit diesem Buch erinnern an all die sch\u00f6nen Ecken der Stadt. Wer noch einen Besuch plant, findet Tipps f\u00fcr Lokale, B\u00e4ckereien, Shops und Wege auf toller Weise beschrieben. DANKE\u00a0DAF\u00dcR (Quelle: <a href=\"https:\/\/www.facebook.com\/photo.php?fbid=950930468289816&amp;set=o.1290885754271917&amp;type=3&amp;av=1290885754271917&amp;eav=AfZiMAcQbQjyFV8vmbNoWuw0zxFcKGVVjG_7nBEQUabO5wGWkFpBpTSJHHBHYAcZDAdaDE5UNwQVfcmQu47FEPx8&amp;theater\">Facebook-Beitrag<\/a>)<\/span><\/div>\n<div style=\"text-align: center;\">\n<hr \/>\n<p>Danke f\u00fcr das tolle Buch. Hat viel Spa\u00df gemacht beim Lesen. Und hab\u00a0<span class=\"text_exposed_show\">ein paar nette Tips f\u00fcr meinen n\u00e4chsten Aufenthalt in der tollsten Stadt mitnehmen k\u00f6nnen (Quelle: <a href=\"https:\/\/www.facebook.com\/NewYorkCityandMe\/posts\/1709108842449604\">Facebook-Beitrag<\/a>)<\/span><\/p>\n<\/div>\n<\/blockquote>\n","protected":false},"excerpt":{"rendered":"<p>Halb Biografie, halb episodischer Reisef\u00fchrer f\u00fcr New York \u2013 so entstand New York City and Me in den Jahren 2013-2014; zun\u00e4chst als Blog, dann adaptiert als Buch. Erh\u00e4ltlich als eBook (Kindle, Kobo, AppleBooks, GooglePlay) und Taschenbuch (Amazon, Thalia, Ihre regionale Buchhandlung vor Ort). Wenn Sie das Buch gerne mit pers\u00f6nlicher Widmung haben m\u00f6chten, k\u00f6nnen Sie &hellip; <\/p>\n<p class=\"link-more\"><a href=\"https:\/\/www.corneliagraef.de\/textberatung\/new-york-city-and-me\/\" class=\"more-link\"><span class=\"screen-reader-text\">\u201eNew York City and Me\u201c<\/span> weiterlesen<\/a><\/p>\n","protected":false},"author":1,"featured_media":0,"parent":0,"menu_order":0,"comment_status":"closed","ping_status":"closed","template":"","meta":{"inline_featured_image":false,"_monsterinsights_skip_tracking":false,"_monsterinsights_sitenote_active":false,"_monsterinsights_sitenote_note":"","_monsterinsights_sitenote_category":0,"footnotes":""},"class_list":["post-23","page","type-page","status-publish","hentry"],"yoast_head":"<!-- This site is optimized with the Yoast SEO plugin v26.0 - https:\/\/yoast.com\/wordpress\/plugins\/seo\/ -->\n<title>New York City and Me - Cornelia Gr\u00e4f<\/title>\n<meta name=\"description\" content=\"Wer New York liebt, muss dieses Buch gelesen haben: Kommen Sie mit und lernen Sie das Leben im Big Apple kennen. Perfekte Reiselekt\u00fcre mit Geheimtipps!\" \/>\n<meta name=\"robots\" content=\"index, follow, max-snippet:-1, max-image-preview:large, max-video-preview:-1\" \/>\n<link rel=\"canonical\" href=\"https:\/\/www.corneliagraef.de\/textberatung\/new-york-city-and-me\/\" \/>\n<meta property=\"og:locale\" content=\"de_DE\" \/>\n<meta property=\"og:type\" content=\"article\" \/>\n<meta property=\"og:title\" content=\"New York City and Me - Cornelia Gr\u00e4f\" \/>\n<meta property=\"og:description\" content=\"Wer New York liebt, muss dieses Buch gelesen haben: Kommen Sie mit und lernen Sie das Leben im Big Apple kennen. Perfekte Reiselekt\u00fcre mit Geheimtipps!\" \/>\n<meta property=\"og:url\" content=\"https:\/\/www.corneliagraef.de\/textberatung\/new-york-city-and-me\/\" \/>\n<meta property=\"og:site_name\" content=\"Cornelia Gr\u00e4f\" \/>\n<meta property=\"article:modified_time\" content=\"2019-09-20T08:28:12+00:00\" \/>\n<meta property=\"og:image\" content=\"http:\/\/www.corneliagraef.de\/textberatung\/wp-content\/uploads\/sites\/3\/2019\/07\/ebook-1-200x300.jpg\" \/>\n<meta name=\"twitter:card\" content=\"summary_large_image\" \/>\n<meta name=\"twitter:label1\" content=\"Gesch\u00e4tzte Lesezeit\" \/>\n\t<meta name=\"twitter:data1\" content=\"2\u00a0Minuten\" \/>\n<script type=\"application\/ld+json\" class=\"yoast-schema-graph\">{\"@context\":\"https:\/\/schema.org\",\"@graph\":[{\"@type\":\"WebPage\",\"@id\":\"https:\/\/www.corneliagraef.de\/textberatung\/new-york-city-and-me\/\",\"url\":\"https:\/\/www.corneliagraef.de\/textberatung\/new-york-city-and-me\/\",\"name\":\"New York City and Me - Cornelia Gr\u00e4f\",\"isPartOf\":{\"@id\":\"https:\/\/www.corneliagraef.de\/textberatung\/#website\"},\"primaryImageOfPage\":{\"@id\":\"https:\/\/www.corneliagraef.de\/textberatung\/new-york-city-and-me\/#primaryimage\"},\"image\":{\"@id\":\"https:\/\/www.corneliagraef.de\/textberatung\/new-york-city-and-me\/#primaryimage\"},\"thumbnailUrl\":\"http:\/\/www.corneliagraef.de\/textberatung\/wp-content\/uploads\/sites\/3\/2019\/07\/ebook-1-200x300.jpg\",\"datePublished\":\"2019-05-01T13:59:18+00:00\",\"dateModified\":\"2019-09-20T08:28:12+00:00\",\"description\":\"Wer New York liebt, muss dieses Buch gelesen haben: Kommen Sie mit und lernen Sie das Leben im Big Apple kennen. Perfekte Reiselekt\u00fcre mit Geheimtipps!\",\"breadcrumb\":{\"@id\":\"https:\/\/www.corneliagraef.de\/textberatung\/new-york-city-and-me\/#breadcrumb\"},\"inLanguage\":\"de\",\"potentialAction\":[{\"@type\":\"ReadAction\",\"target\":[\"https:\/\/www.corneliagraef.de\/textberatung\/new-york-city-and-me\/\"]}]},{\"@type\":\"ImageObject\",\"inLanguage\":\"de\",\"@id\":\"https:\/\/www.corneliagraef.de\/textberatung\/new-york-city-and-me\/#primaryimage\",\"url\":\"http:\/\/www.corneliagraef.de\/textberatung\/wp-content\/uploads\/sites\/3\/2019\/07\/ebook-1-200x300.jpg\",\"contentUrl\":\"http:\/\/www.corneliagraef.de\/textberatung\/wp-content\/uploads\/sites\/3\/2019\/07\/ebook-1-200x300.jpg\"},{\"@type\":\"BreadcrumbList\",\"@id\":\"https:\/\/www.corneliagraef.de\/textberatung\/new-york-city-and-me\/#breadcrumb\",\"itemListElement\":[{\"@type\":\"ListItem\",\"position\":1,\"name\":\"Home\",\"item\":\"https:\/\/www.corneliagraef.de\/textberatung\/\"},{\"@type\":\"ListItem\",\"position\":2,\"name\":\"New York City and Me\"}]},{\"@type\":\"WebSite\",\"@id\":\"https:\/\/www.corneliagraef.de\/textberatung\/#website\",\"url\":\"https:\/\/www.corneliagraef.de\/textberatung\/\",\"name\":\"Cornelia Gr\u00e4f\",\"description\":\"\",\"publisher\":{\"@id\":\"https:\/\/www.corneliagraef.de\/textberatung\/#organization\"},\"potentialAction\":[{\"@type\":\"SearchAction\",\"target\":{\"@type\":\"EntryPoint\",\"urlTemplate\":\"https:\/\/www.corneliagraef.de\/textberatung\/?s={search_term_string}\"},\"query-input\":{\"@type\":\"PropertyValueSpecification\",\"valueRequired\":true,\"valueName\":\"search_term_string\"}}],\"inLanguage\":\"de\"},{\"@type\":\"Organization\",\"@id\":\"https:\/\/www.corneliagraef.de\/textberatung\/#organization\",\"name\":\"Cornelia Gr\u00e4f\",\"url\":\"https:\/\/www.corneliagraef.de\/textberatung\/\",\"logo\":{\"@type\":\"ImageObject\",\"inLanguage\":\"de\",\"@id\":\"https:\/\/www.corneliagraef.de\/textberatung\/#\/schema\/logo\/image\/\",\"url\":\"https:\/\/www.corneliagraef.de\/wp-content\/uploads\/sites\/3\/2019\/08\/cropped-Hero_Textberatung-03_neu.jpg\",\"contentUrl\":\"https:\/\/www.corneliagraef.de\/wp-content\/uploads\/sites\/3\/2019\/08\/cropped-Hero_Textberatung-03_neu.jpg\",\"width\":249,\"height\":250,\"caption\":\"Cornelia Gr\u00e4f\"},\"image\":{\"@id\":\"https:\/\/www.corneliagraef.de\/textberatung\/#\/schema\/logo\/image\/\"}}]}<\/script>\n<!-- \/ Yoast SEO plugin. -->","yoast_head_json":{"title":"New York City and Me - Cornelia Gr\u00e4f","description":"Wer New York liebt, muss dieses Buch gelesen haben: Kommen Sie mit und lernen Sie das Leben im Big Apple kennen. Perfekte Reiselekt\u00fcre mit Geheimtipps!","robots":{"index":"index","follow":"follow","max-snippet":"max-snippet:-1","max-image-preview":"max-image-preview:large","max-video-preview":"max-video-preview:-1"},"canonical":"https:\/\/www.corneliagraef.de\/textberatung\/new-york-city-and-me\/","og_locale":"de_DE","og_type":"article","og_title":"New York City and Me - Cornelia Gr\u00e4f","og_description":"Wer New York liebt, muss dieses Buch gelesen haben: Kommen Sie mit und lernen Sie das Leben im Big Apple kennen. Perfekte Reiselekt\u00fcre mit Geheimtipps!","og_url":"https:\/\/www.corneliagraef.de\/textberatung\/new-york-city-and-me\/","og_site_name":"Cornelia Gr\u00e4f","article_modified_time":"2019-09-20T08:28:12+00:00","og_image":[{"url":"http:\/\/www.corneliagraef.de\/textberatung\/wp-content\/uploads\/sites\/3\/2019\/07\/ebook-1-200x300.jpg","type":"","width":"","height":""}],"twitter_card":"summary_large_image","twitter_misc":{"Gesch\u00e4tzte Lesezeit":"2\u00a0Minuten"},"schema":{"@context":"https:\/\/schema.org","@graph":[{"@type":"WebPage","@id":"https:\/\/www.corneliagraef.de\/textberatung\/new-york-city-and-me\/","url":"https:\/\/www.corneliagraef.de\/textberatung\/new-york-city-and-me\/","name":"New York City and Me - Cornelia Gr\u00e4f","isPartOf":{"@id":"https:\/\/www.corneliagraef.de\/textberatung\/#website"},"primaryImageOfPage":{"@id":"https:\/\/www.corneliagraef.de\/textberatung\/new-york-city-and-me\/#primaryimage"},"image":{"@id":"https:\/\/www.corneliagraef.de\/textberatung\/new-york-city-and-me\/#primaryimage"},"thumbnailUrl":"http:\/\/www.corneliagraef.de\/textberatung\/wp-content\/uploads\/sites\/3\/2019\/07\/ebook-1-200x300.jpg","datePublished":"2019-05-01T13:59:18+00:00","dateModified":"2019-09-20T08:28:12+00:00","description":"Wer New York liebt, muss dieses Buch gelesen haben: Kommen Sie mit und lernen Sie das Leben im Big Apple kennen. Perfekte Reiselekt\u00fcre mit Geheimtipps!","breadcrumb":{"@id":"https:\/\/www.corneliagraef.de\/textberatung\/new-york-city-and-me\/#breadcrumb"},"inLanguage":"de","potentialAction":[{"@type":"ReadAction","target":["https:\/\/www.corneliagraef.de\/textberatung\/new-york-city-and-me\/"]}]},{"@type":"ImageObject","inLanguage":"de","@id":"https:\/\/www.corneliagraef.de\/textberatung\/new-york-city-and-me\/#primaryimage","url":"http:\/\/www.corneliagraef.de\/textberatung\/wp-content\/uploads\/sites\/3\/2019\/07\/ebook-1-200x300.jpg","contentUrl":"http:\/\/www.corneliagraef.de\/textberatung\/wp-content\/uploads\/sites\/3\/2019\/07\/ebook-1-200x300.jpg"},{"@type":"BreadcrumbList","@id":"https:\/\/www.corneliagraef.de\/textberatung\/new-york-city-and-me\/#breadcrumb","itemListElement":[{"@type":"ListItem","position":1,"name":"Home","item":"https:\/\/www.corneliagraef.de\/textberatung\/"},{"@type":"ListItem","position":2,"name":"New York City and Me"}]},{"@type":"WebSite","@id":"https:\/\/www.corneliagraef.de\/textberatung\/#website","url":"https:\/\/www.corneliagraef.de\/textberatung\/","name":"Cornelia Gr\u00e4f","description":"","publisher":{"@id":"https:\/\/www.corneliagraef.de\/textberatung\/#organization"},"potentialAction":[{"@type":"SearchAction","target":{"@type":"EntryPoint","urlTemplate":"https:\/\/www.corneliagraef.de\/textberatung\/?s={search_term_string}"},"query-input":{"@type":"PropertyValueSpecification","valueRequired":true,"valueName":"search_term_string"}}],"inLanguage":"de"},{"@type":"Organization","@id":"https:\/\/www.corneliagraef.de\/textberatung\/#organization","name":"Cornelia Gr\u00e4f","url":"https:\/\/www.corneliagraef.de\/textberatung\/","logo":{"@type":"ImageObject","inLanguage":"de","@id":"https:\/\/www.corneliagraef.de\/textberatung\/#\/schema\/logo\/image\/","url":"https:\/\/www.corneliagraef.de\/wp-content\/uploads\/sites\/3\/2019\/08\/cropped-Hero_Textberatung-03_neu.jpg","contentUrl":"https:\/\/www.corneliagraef.de\/wp-content\/uploads\/sites\/3\/2019\/08\/cropped-Hero_Textberatung-03_neu.jpg","width":249,"height":250,"caption":"Cornelia Gr\u00e4f"},"image":{"@id":"https:\/\/www.corneliagraef.de\/textberatung\/#\/schema\/logo\/image\/"}}]}},"_links":{"self":[{"href":"https:\/\/www.corneliagraef.de\/textberatung\/wp-json\/wp\/v2\/pages\/23","targetHints":{"allow":["GET"]}}],"collection":[{"href":"https:\/\/www.corneliagraef.de\/textberatung\/wp-json\/wp\/v2\/pages"}],"about":[{"href":"https:\/\/www.corneliagraef.de\/textberatung\/wp-json\/wp\/v2\/types\/page"}],"author":[{"embeddable":true,"href":"https:\/\/www.corneliagraef.de\/textberatung\/wp-json\/wp\/v2\/users\/1"}],"replies":[{"embeddable":true,"href":"https:\/\/www.corneliagraef.de\/textberatung\/wp-json\/wp\/v2\/comments?post=23"}],"version-history":[{"count":14,"href":"https:\/\/www.corneliagraef.de\/textberatung\/wp-json\/wp\/v2\/pages\/23\/revisions"}],"predecessor-version":[{"id":328,"href":"https:\/\/www.corneliagraef.de\/textberatung\/wp-json\/wp\/v2\/pages\/23\/revisions\/328"}],"wp:attachment":[{"href":"https:\/\/www.corneliagraef.de\/textberatung\/wp-json\/wp\/v2\/media?parent=23"}],"curies":[{"name":"wp","href":"https:\/\/api.w.org\/{rel}","templated":true}]}}