{"id":17,"date":"2019-05-01T15:58:43","date_gmt":"2019-05-01T13:58:43","guid":{"rendered":"http:\/\/www.corneliagraef.de\/textberatung\/?page_id=17"},"modified":"2022-02-22T10:25:47","modified_gmt":"2022-02-22T09:25:47","slug":"uebersetzungen-lokalisation-transkreation","status":"publish","type":"page","link":"https:\/\/www.corneliagraef.de\/textberatung\/uebersetzungen-lokalisation-transkreation\/","title":{"rendered":"\u00dcbersetzungen (Lokalisation, Transkreation)"},"content":{"rendered":"<p><img loading=\"lazy\" decoding=\"async\" class=\"size-medium wp-image-244 alignleft\" src=\"http:\/\/www.corneliagraef.de\/textberatung\/wp-content\/uploads\/sites\/3\/2019\/07\/american-1209605_1280-300x200.jpg\" alt=\"\" width=\"300\" height=\"200\" srcset=\"https:\/\/www.corneliagraef.de\/wp-content\/uploads\/sites\/3\/2019\/07\/american-1209605_1280-300x200.jpg 300w, https:\/\/www.corneliagraef.de\/wp-content\/uploads\/sites\/3\/2019\/07\/american-1209605_1280-768x512.jpg 768w, https:\/\/www.corneliagraef.de\/wp-content\/uploads\/sites\/3\/2019\/07\/american-1209605_1280-1024x682.jpg 1024w, https:\/\/www.corneliagraef.de\/wp-content\/uploads\/sites\/3\/2019\/07\/american-1209605_1280.jpg 1280w\" sizes=\"auto, (max-width: 300px) 100vw, 300px\" \/>Sie m\u00f6chten mit Ihren Texten (online wie offline) Menschen in aller Welt ansprechen und suchen daf\u00fcr einen <strong>\u00dcbersetzer<\/strong>, der <strong>deutsche Texte ins Englische<\/strong> \u00fcbersetzt? Oder Sie m\u00f6chten <strong>englische Schriftst\u00fccke, Produktbeschreibungen<\/strong> oder \u00c4hnliches <strong>f\u00fcr den deutschen Markt zug\u00e4nglich<\/strong> machen?<\/p>\n<p>Dann <strong>nehmen Sie <a href=\"http:\/\/www.corneliagraef.de\/textberatung\/kontakt\/\">Kontakt<\/a> mit mir auf<\/strong> und ich erstelle Ihnen ein <a href=\"http:\/\/www.corneliagraef.de\/textberatung\/honorar\/\"><strong>individuelles Angebot<\/strong><\/a>.<\/p>\n<h5>Transcreation und Lokalisation \u2013 wo ist der Unterschied?<\/h5>\n<p>Der Unterschied ist recht einfach erkl\u00e4rt: Bei der <strong>Lokalisation<\/strong> geht es darum, bei der \u00dcbersetzung <strong>m\u00f6glichst nahe am Original<\/strong> zu bleiben und so w\u00f6rtlich wie m\u00f6glich (und sprachlich korrekt) zu \u00fcbersetzen. Es wird dabei jedoch <strong>auf kulturelle (oder logische) Unterschiede geachtet<\/strong>, sodass der Text f\u00fcr die Zielgruppe verst\u00e4ndlich ist.<\/p>\n<p>Bei einer <strong>Transcreation<\/strong> entnimmt man dem Originaltext die <strong>wichtigsten Informationen<\/strong> und gibt diese in freier bis sehr <strong>freier \u00dcbersetzung<\/strong> in der Zielsprache wieder.&nbsp; Dazu k\u00f6nnen beispielsweise auch Abs\u00e4tze neu geordnet werden.<\/p>\n<p>Welche Methode besser geeignet ist, ist von Projekt zu Projekt unterschiedlich und h\u00e4ngt beispielsweise auch mit dem verwendeten Sprachstil zusammen. Slang und die besonders im britischen Englisch h\u00e4ufigen Wortspiele lassen sich oft nur schwer w\u00f6rtlich \u00fcbersetzen.<\/p>\n<p>Wenn Sie mich mit einer \u00dcbersetzung beauftragen, wird vorher gekl\u00e4rt, wie frei \u00fcbersetzt werden soll.<\/p>\n","protected":false},"excerpt":{"rendered":"<p>Sie m\u00f6chten mit Ihren Texten (online wie offline) Menschen in aller Welt ansprechen und suchen daf\u00fcr einen \u00dcbersetzer, der deutsche Texte ins Englische \u00fcbersetzt? Oder Sie m\u00f6chten englische Schriftst\u00fccke, Produktbeschreibungen oder \u00c4hnliches f\u00fcr den deutschen Markt zug\u00e4nglich machen? Dann nehmen Sie Kontakt mit mir auf und ich erstelle Ihnen ein individuelles Angebot. Transcreation und Lokalisation &hellip; <\/p>\n<p class=\"link-more\"><a href=\"https:\/\/www.corneliagraef.de\/textberatung\/uebersetzungen-lokalisation-transkreation\/\" class=\"more-link\"><span class=\"screen-reader-text\">\u201e\u00dcbersetzungen (Lokalisation, Transkreation)\u201c<\/span> weiterlesen<\/a><\/p>\n","protected":false},"author":1,"featured_media":0,"parent":0,"menu_order":0,"comment_status":"closed","ping_status":"closed","template":"","meta":{"inline_featured_image":false,"_monsterinsights_skip_tracking":false,"_monsterinsights_sitenote_active":false,"_monsterinsights_sitenote_note":"","_monsterinsights_sitenote_category":0,"footnotes":""},"class_list":["post-17","page","type-page","status-publish","hentry"],"yoast_head":"<!-- This site is optimized with the Yoast SEO plugin v26.0 - https:\/\/yoast.com\/wordpress\/plugins\/seo\/ -->\n<title>\u00dcbersetzungen (Lokalisation, Transkreation) - Cornelia Gr\u00e4f<\/title>\n<meta name=\"description\" content=\"Ich biete Ihnen professionelle \u00dcbersetzungen Englisch-Deutsch an. Je nach Projekt ist ggf. eine \u00dcbersetzung von Deutsch zur Englisch m\u00f6glich.\" \/>\n<meta name=\"robots\" content=\"index, follow, max-snippet:-1, max-image-preview:large, max-video-preview:-1\" \/>\n<link rel=\"canonical\" href=\"https:\/\/www.corneliagraef.de\/textberatung\/uebersetzungen-lokalisation-transkreation\/\" \/>\n<meta property=\"og:locale\" content=\"de_DE\" \/>\n<meta property=\"og:type\" content=\"article\" \/>\n<meta property=\"og:title\" content=\"\u00dcbersetzungen (Lokalisation, Transkreation) - Cornelia Gr\u00e4f\" \/>\n<meta property=\"og:description\" content=\"Ich biete Ihnen professionelle \u00dcbersetzungen Englisch-Deutsch an. Je nach Projekt ist ggf. eine \u00dcbersetzung von Deutsch zur Englisch m\u00f6glich.\" \/>\n<meta property=\"og:url\" content=\"https:\/\/www.corneliagraef.de\/textberatung\/uebersetzungen-lokalisation-transkreation\/\" \/>\n<meta property=\"og:site_name\" content=\"Cornelia Gr\u00e4f\" \/>\n<meta property=\"article:modified_time\" content=\"2022-02-22T09:25:47+00:00\" \/>\n<meta property=\"og:image\" content=\"http:\/\/www.corneliagraef.de\/textberatung\/wp-content\/uploads\/sites\/3\/2019\/07\/american-1209605_1280-300x200.jpg\" \/>\n<meta name=\"twitter:card\" content=\"summary_large_image\" \/>\n<meta name=\"twitter:label1\" content=\"Gesch\u00e4tzte Lesezeit\" \/>\n\t<meta name=\"twitter:data1\" content=\"2\u00a0Minuten\" \/>\n<script type=\"application\/ld+json\" class=\"yoast-schema-graph\">{\"@context\":\"https:\/\/schema.org\",\"@graph\":[{\"@type\":\"WebPage\",\"@id\":\"https:\/\/www.corneliagraef.de\/textberatung\/uebersetzungen-lokalisation-transkreation\/\",\"url\":\"https:\/\/www.corneliagraef.de\/textberatung\/uebersetzungen-lokalisation-transkreation\/\",\"name\":\"\u00dcbersetzungen (Lokalisation, Transkreation) - Cornelia Gr\u00e4f\",\"isPartOf\":{\"@id\":\"https:\/\/www.corneliagraef.de\/textberatung\/#website\"},\"primaryImageOfPage\":{\"@id\":\"https:\/\/www.corneliagraef.de\/textberatung\/uebersetzungen-lokalisation-transkreation\/#primaryimage\"},\"image\":{\"@id\":\"https:\/\/www.corneliagraef.de\/textberatung\/uebersetzungen-lokalisation-transkreation\/#primaryimage\"},\"thumbnailUrl\":\"http:\/\/www.corneliagraef.de\/textberatung\/wp-content\/uploads\/sites\/3\/2019\/07\/american-1209605_1280-300x200.jpg\",\"datePublished\":\"2019-05-01T13:58:43+00:00\",\"dateModified\":\"2022-02-22T09:25:47+00:00\",\"description\":\"Ich biete Ihnen professionelle \u00dcbersetzungen Englisch-Deutsch an. Je nach Projekt ist ggf. eine \u00dcbersetzung von Deutsch zur Englisch m\u00f6glich.\",\"breadcrumb\":{\"@id\":\"https:\/\/www.corneliagraef.de\/textberatung\/uebersetzungen-lokalisation-transkreation\/#breadcrumb\"},\"inLanguage\":\"de\",\"potentialAction\":[{\"@type\":\"ReadAction\",\"target\":[\"https:\/\/www.corneliagraef.de\/textberatung\/uebersetzungen-lokalisation-transkreation\/\"]}]},{\"@type\":\"ImageObject\",\"inLanguage\":\"de\",\"@id\":\"https:\/\/www.corneliagraef.de\/textberatung\/uebersetzungen-lokalisation-transkreation\/#primaryimage\",\"url\":\"http:\/\/www.corneliagraef.de\/textberatung\/wp-content\/uploads\/sites\/3\/2019\/07\/american-1209605_1280-300x200.jpg\",\"contentUrl\":\"http:\/\/www.corneliagraef.de\/textberatung\/wp-content\/uploads\/sites\/3\/2019\/07\/american-1209605_1280-300x200.jpg\"},{\"@type\":\"BreadcrumbList\",\"@id\":\"https:\/\/www.corneliagraef.de\/textberatung\/uebersetzungen-lokalisation-transkreation\/#breadcrumb\",\"itemListElement\":[{\"@type\":\"ListItem\",\"position\":1,\"name\":\"Home\",\"item\":\"https:\/\/www.corneliagraef.de\/textberatung\/\"},{\"@type\":\"ListItem\",\"position\":2,\"name\":\"\u00dcbersetzungen (Lokalisation, Transkreation)\"}]},{\"@type\":\"WebSite\",\"@id\":\"https:\/\/www.corneliagraef.de\/textberatung\/#website\",\"url\":\"https:\/\/www.corneliagraef.de\/textberatung\/\",\"name\":\"Cornelia Gr\u00e4f\",\"description\":\"\",\"publisher\":{\"@id\":\"https:\/\/www.corneliagraef.de\/textberatung\/#organization\"},\"potentialAction\":[{\"@type\":\"SearchAction\",\"target\":{\"@type\":\"EntryPoint\",\"urlTemplate\":\"https:\/\/www.corneliagraef.de\/textberatung\/?s={search_term_string}\"},\"query-input\":{\"@type\":\"PropertyValueSpecification\",\"valueRequired\":true,\"valueName\":\"search_term_string\"}}],\"inLanguage\":\"de\"},{\"@type\":\"Organization\",\"@id\":\"https:\/\/www.corneliagraef.de\/textberatung\/#organization\",\"name\":\"Cornelia Gr\u00e4f\",\"url\":\"https:\/\/www.corneliagraef.de\/textberatung\/\",\"logo\":{\"@type\":\"ImageObject\",\"inLanguage\":\"de\",\"@id\":\"https:\/\/www.corneliagraef.de\/textberatung\/#\/schema\/logo\/image\/\",\"url\":\"https:\/\/www.corneliagraef.de\/wp-content\/uploads\/sites\/3\/2019\/08\/cropped-Hero_Textberatung-03_neu.jpg\",\"contentUrl\":\"https:\/\/www.corneliagraef.de\/wp-content\/uploads\/sites\/3\/2019\/08\/cropped-Hero_Textberatung-03_neu.jpg\",\"width\":249,\"height\":250,\"caption\":\"Cornelia Gr\u00e4f\"},\"image\":{\"@id\":\"https:\/\/www.corneliagraef.de\/textberatung\/#\/schema\/logo\/image\/\"}}]}<\/script>\n<!-- \/ Yoast SEO plugin. -->","yoast_head_json":{"title":"\u00dcbersetzungen (Lokalisation, Transkreation) - Cornelia Gr\u00e4f","description":"Ich biete Ihnen professionelle \u00dcbersetzungen Englisch-Deutsch an. Je nach Projekt ist ggf. eine \u00dcbersetzung von Deutsch zur Englisch m\u00f6glich.","robots":{"index":"index","follow":"follow","max-snippet":"max-snippet:-1","max-image-preview":"max-image-preview:large","max-video-preview":"max-video-preview:-1"},"canonical":"https:\/\/www.corneliagraef.de\/textberatung\/uebersetzungen-lokalisation-transkreation\/","og_locale":"de_DE","og_type":"article","og_title":"\u00dcbersetzungen (Lokalisation, Transkreation) - Cornelia Gr\u00e4f","og_description":"Ich biete Ihnen professionelle \u00dcbersetzungen Englisch-Deutsch an. Je nach Projekt ist ggf. eine \u00dcbersetzung von Deutsch zur Englisch m\u00f6glich.","og_url":"https:\/\/www.corneliagraef.de\/textberatung\/uebersetzungen-lokalisation-transkreation\/","og_site_name":"Cornelia Gr\u00e4f","article_modified_time":"2022-02-22T09:25:47+00:00","og_image":[{"url":"http:\/\/www.corneliagraef.de\/textberatung\/wp-content\/uploads\/sites\/3\/2019\/07\/american-1209605_1280-300x200.jpg","type":"","width":"","height":""}],"twitter_card":"summary_large_image","twitter_misc":{"Gesch\u00e4tzte Lesezeit":"2\u00a0Minuten"},"schema":{"@context":"https:\/\/schema.org","@graph":[{"@type":"WebPage","@id":"https:\/\/www.corneliagraef.de\/textberatung\/uebersetzungen-lokalisation-transkreation\/","url":"https:\/\/www.corneliagraef.de\/textberatung\/uebersetzungen-lokalisation-transkreation\/","name":"\u00dcbersetzungen (Lokalisation, Transkreation) - Cornelia Gr\u00e4f","isPartOf":{"@id":"https:\/\/www.corneliagraef.de\/textberatung\/#website"},"primaryImageOfPage":{"@id":"https:\/\/www.corneliagraef.de\/textberatung\/uebersetzungen-lokalisation-transkreation\/#primaryimage"},"image":{"@id":"https:\/\/www.corneliagraef.de\/textberatung\/uebersetzungen-lokalisation-transkreation\/#primaryimage"},"thumbnailUrl":"http:\/\/www.corneliagraef.de\/textberatung\/wp-content\/uploads\/sites\/3\/2019\/07\/american-1209605_1280-300x200.jpg","datePublished":"2019-05-01T13:58:43+00:00","dateModified":"2022-02-22T09:25:47+00:00","description":"Ich biete Ihnen professionelle \u00dcbersetzungen Englisch-Deutsch an. Je nach Projekt ist ggf. eine \u00dcbersetzung von Deutsch zur Englisch m\u00f6glich.","breadcrumb":{"@id":"https:\/\/www.corneliagraef.de\/textberatung\/uebersetzungen-lokalisation-transkreation\/#breadcrumb"},"inLanguage":"de","potentialAction":[{"@type":"ReadAction","target":["https:\/\/www.corneliagraef.de\/textberatung\/uebersetzungen-lokalisation-transkreation\/"]}]},{"@type":"ImageObject","inLanguage":"de","@id":"https:\/\/www.corneliagraef.de\/textberatung\/uebersetzungen-lokalisation-transkreation\/#primaryimage","url":"http:\/\/www.corneliagraef.de\/textberatung\/wp-content\/uploads\/sites\/3\/2019\/07\/american-1209605_1280-300x200.jpg","contentUrl":"http:\/\/www.corneliagraef.de\/textberatung\/wp-content\/uploads\/sites\/3\/2019\/07\/american-1209605_1280-300x200.jpg"},{"@type":"BreadcrumbList","@id":"https:\/\/www.corneliagraef.de\/textberatung\/uebersetzungen-lokalisation-transkreation\/#breadcrumb","itemListElement":[{"@type":"ListItem","position":1,"name":"Home","item":"https:\/\/www.corneliagraef.de\/textberatung\/"},{"@type":"ListItem","position":2,"name":"\u00dcbersetzungen (Lokalisation, Transkreation)"}]},{"@type":"WebSite","@id":"https:\/\/www.corneliagraef.de\/textberatung\/#website","url":"https:\/\/www.corneliagraef.de\/textberatung\/","name":"Cornelia Gr\u00e4f","description":"","publisher":{"@id":"https:\/\/www.corneliagraef.de\/textberatung\/#organization"},"potentialAction":[{"@type":"SearchAction","target":{"@type":"EntryPoint","urlTemplate":"https:\/\/www.corneliagraef.de\/textberatung\/?s={search_term_string}"},"query-input":{"@type":"PropertyValueSpecification","valueRequired":true,"valueName":"search_term_string"}}],"inLanguage":"de"},{"@type":"Organization","@id":"https:\/\/www.corneliagraef.de\/textberatung\/#organization","name":"Cornelia Gr\u00e4f","url":"https:\/\/www.corneliagraef.de\/textberatung\/","logo":{"@type":"ImageObject","inLanguage":"de","@id":"https:\/\/www.corneliagraef.de\/textberatung\/#\/schema\/logo\/image\/","url":"https:\/\/www.corneliagraef.de\/wp-content\/uploads\/sites\/3\/2019\/08\/cropped-Hero_Textberatung-03_neu.jpg","contentUrl":"https:\/\/www.corneliagraef.de\/wp-content\/uploads\/sites\/3\/2019\/08\/cropped-Hero_Textberatung-03_neu.jpg","width":249,"height":250,"caption":"Cornelia Gr\u00e4f"},"image":{"@id":"https:\/\/www.corneliagraef.de\/textberatung\/#\/schema\/logo\/image\/"}}]}},"_links":{"self":[{"href":"https:\/\/www.corneliagraef.de\/textberatung\/wp-json\/wp\/v2\/pages\/17","targetHints":{"allow":["GET"]}}],"collection":[{"href":"https:\/\/www.corneliagraef.de\/textberatung\/wp-json\/wp\/v2\/pages"}],"about":[{"href":"https:\/\/www.corneliagraef.de\/textberatung\/wp-json\/wp\/v2\/types\/page"}],"author":[{"embeddable":true,"href":"https:\/\/www.corneliagraef.de\/textberatung\/wp-json\/wp\/v2\/users\/1"}],"replies":[{"embeddable":true,"href":"https:\/\/www.corneliagraef.de\/textberatung\/wp-json\/wp\/v2\/comments?post=17"}],"version-history":[{"count":8,"href":"https:\/\/www.corneliagraef.de\/textberatung\/wp-json\/wp\/v2\/pages\/17\/revisions"}],"predecessor-version":[{"id":368,"href":"https:\/\/www.corneliagraef.de\/textberatung\/wp-json\/wp\/v2\/pages\/17\/revisions\/368"}],"wp:attachment":[{"href":"https:\/\/www.corneliagraef.de\/textberatung\/wp-json\/wp\/v2\/media?parent=17"}],"curies":[{"name":"wp","href":"https:\/\/api.w.org\/{rel}","templated":true}]}}