{"id":15,"date":"2019-05-01T15:58:25","date_gmt":"2019-05-01T13:58:25","guid":{"rendered":"http:\/\/www.corneliagraef.de\/textberatung\/?page_id=15"},"modified":"2019-09-01T12:22:21","modified_gmt":"2019-09-01T10:22:21","slug":"content-seo","status":"publish","type":"page","link":"https:\/\/www.corneliagraef.de\/textberatung\/content-seo\/","title":{"rendered":"Content &#038; SEO"},"content":{"rendered":"<p>Sie suchen f\u00fcr Ihre Firma oder f\u00fcr Kunden Ihrer Agentur einen erfahrenen <strong>Content-Creator<\/strong>? Sie m\u00f6chten die <strong>Texte Ihrer Webseite so \u00fcberarbeiten<\/strong>, dass m\u00f6glichst viele Interessenten Ihr Angebot bei Google finden?<\/p>\n<p><img loading=\"lazy\" decoding=\"async\" class=\"alignleft wp-image-113 size-medium\" src=\"https:\/\/www.corneliagraef.de\/wp-content\/uploads\/sites\/3\/2019\/07\/wood-cube-473703_1280-300x200.jpg\" alt=\"Buchstaben-W\u00fcrfel\" width=\"300\" height=\"200\" srcset=\"https:\/\/www.corneliagraef.de\/wp-content\/uploads\/sites\/3\/2019\/07\/wood-cube-473703_1280-300x200.jpg 300w, https:\/\/www.corneliagraef.de\/wp-content\/uploads\/sites\/3\/2019\/07\/wood-cube-473703_1280-768x512.jpg 768w, https:\/\/www.corneliagraef.de\/wp-content\/uploads\/sites\/3\/2019\/07\/wood-cube-473703_1280-1024x682.jpg 1024w, https:\/\/www.corneliagraef.de\/wp-content\/uploads\/sites\/3\/2019\/07\/wood-cube-473703_1280.jpg 1280w\" sizes=\"auto, (max-width: 300px) 100vw, 300px\" \/>Als Freelancer arbeite ich f\u00fcr Agenturen wie <a href=\"https:\/\/quillcontent.com\">Quill Content<\/a>, um Kunden wie eBay, Amazon, Tommy Hilfiger oder Thomas Cook mit hochwertigem, SEO-relevanten Content zu beliefern.<\/p>\n<p>Sie haben Interesse? Dann <a href=\"https:\/\/www.corneliagraef.de\/textberatung\/kontakt\/\"><strong>melden Sie sich bei mir<\/strong><\/a> und stellen Sie mir Ihr Projekt vor. Gerne unterbreite ich Ihnen ein<a href=\"https:\/\/www.corneliagraef.de\/textberatung\/honorar\/\"><strong> individuelles Angebot<\/strong><\/a>.<\/p>\n","protected":false},"excerpt":{"rendered":"<p>Sie suchen f\u00fcr Ihre Firma oder f\u00fcr Kunden Ihrer Agentur einen erfahrenen Content-Creator? Sie m\u00f6chten die Texte Ihrer Webseite so \u00fcberarbeiten, dass m\u00f6glichst viele Interessenten Ihr Angebot bei Google finden? Als Freelancer arbeite ich f\u00fcr Agenturen wie Quill Content, um Kunden wie eBay, Amazon, Tommy Hilfiger oder Thomas Cook mit hochwertigem, SEO-relevanten Content zu beliefern. &hellip; <\/p>\n<p class=\"link-more\"><a href=\"https:\/\/www.corneliagraef.de\/textberatung\/content-seo\/\" class=\"more-link\"><span class=\"screen-reader-text\">\u201eContent &#038; SEO\u201c<\/span> weiterlesen<\/a><\/p>\n","protected":false},"author":1,"featured_media":0,"parent":0,"menu_order":0,"comment_status":"closed","ping_status":"closed","template":"","meta":{"inline_featured_image":false,"_monsterinsights_skip_tracking":false,"_monsterinsights_sitenote_active":false,"_monsterinsights_sitenote_note":"","_monsterinsights_sitenote_category":0,"footnotes":""},"class_list":["post-15","page","type-page","status-publish","hentry"],"yoast_head":"<!-- This site is optimized with the Yoast SEO plugin v26.0 - https:\/\/yoast.com\/wordpress\/plugins\/seo\/ -->\n<title>Content &amp; SEO - Cornelia Gr\u00e4f<\/title>\n<meta name=\"description\" content=\"Ich erstelle f\u00fcr Sie online und offline Content: Kategoriebeschreibungen, Produktbeschreibungen, Blog-Artikel, Brosch\u00fcren-Texte und mehr.\" \/>\n<meta name=\"robots\" content=\"index, follow, max-snippet:-1, max-image-preview:large, max-video-preview:-1\" \/>\n<link rel=\"canonical\" href=\"https:\/\/www.corneliagraef.de\/textberatung\/content-seo\/\" \/>\n<meta property=\"og:locale\" content=\"de_DE\" \/>\n<meta property=\"og:type\" content=\"article\" \/>\n<meta property=\"og:title\" content=\"Content &amp; SEO - Cornelia Gr\u00e4f\" \/>\n<meta property=\"og:description\" content=\"Ich erstelle f\u00fcr Sie online und offline Content: Kategoriebeschreibungen, Produktbeschreibungen, Blog-Artikel, Brosch\u00fcren-Texte und mehr.\" \/>\n<meta property=\"og:url\" content=\"https:\/\/www.corneliagraef.de\/textberatung\/content-seo\/\" \/>\n<meta property=\"og:site_name\" content=\"Cornelia Gr\u00e4f\" \/>\n<meta property=\"article:modified_time\" content=\"2019-09-01T10:22:21+00:00\" \/>\n<meta property=\"og:image\" content=\"https:\/\/www.corneliagraef.de\/wp-content\/uploads\/sites\/3\/2019\/07\/wood-cube-473703_1280-300x200.jpg\" \/>\n<meta name=\"twitter:card\" content=\"summary_large_image\" \/>\n<script type=\"application\/ld+json\" class=\"yoast-schema-graph\">{\"@context\":\"https:\/\/schema.org\",\"@graph\":[{\"@type\":\"WebPage\",\"@id\":\"https:\/\/www.corneliagraef.de\/textberatung\/content-seo\/\",\"url\":\"https:\/\/www.corneliagraef.de\/textberatung\/content-seo\/\",\"name\":\"Content & SEO - Cornelia Gr\u00e4f\",\"isPartOf\":{\"@id\":\"https:\/\/www.corneliagraef.de\/textberatung\/#website\"},\"primaryImageOfPage\":{\"@id\":\"https:\/\/www.corneliagraef.de\/textberatung\/content-seo\/#primaryimage\"},\"image\":{\"@id\":\"https:\/\/www.corneliagraef.de\/textberatung\/content-seo\/#primaryimage\"},\"thumbnailUrl\":\"https:\/\/www.corneliagraef.de\/wp-content\/uploads\/sites\/3\/2019\/07\/wood-cube-473703_1280-300x200.jpg\",\"datePublished\":\"2019-05-01T13:58:25+00:00\",\"dateModified\":\"2019-09-01T10:22:21+00:00\",\"description\":\"Ich erstelle f\u00fcr Sie online und offline Content: Kategoriebeschreibungen, Produktbeschreibungen, Blog-Artikel, Brosch\u00fcren-Texte und mehr.\",\"breadcrumb\":{\"@id\":\"https:\/\/www.corneliagraef.de\/textberatung\/content-seo\/#breadcrumb\"},\"inLanguage\":\"de\",\"potentialAction\":[{\"@type\":\"ReadAction\",\"target\":[\"https:\/\/www.corneliagraef.de\/textberatung\/content-seo\/\"]}]},{\"@type\":\"ImageObject\",\"inLanguage\":\"de\",\"@id\":\"https:\/\/www.corneliagraef.de\/textberatung\/content-seo\/#primaryimage\",\"url\":\"https:\/\/www.corneliagraef.de\/wp-content\/uploads\/sites\/3\/2019\/07\/wood-cube-473703_1280-300x200.jpg\",\"contentUrl\":\"https:\/\/www.corneliagraef.de\/wp-content\/uploads\/sites\/3\/2019\/07\/wood-cube-473703_1280-300x200.jpg\"},{\"@type\":\"BreadcrumbList\",\"@id\":\"https:\/\/www.corneliagraef.de\/textberatung\/content-seo\/#breadcrumb\",\"itemListElement\":[{\"@type\":\"ListItem\",\"position\":1,\"name\":\"Home\",\"item\":\"https:\/\/www.corneliagraef.de\/textberatung\/\"},{\"@type\":\"ListItem\",\"position\":2,\"name\":\"Content &#038; SEO\"}]},{\"@type\":\"WebSite\",\"@id\":\"https:\/\/www.corneliagraef.de\/textberatung\/#website\",\"url\":\"https:\/\/www.corneliagraef.de\/textberatung\/\",\"name\":\"Cornelia Gr\u00e4f\",\"description\":\"\",\"publisher\":{\"@id\":\"https:\/\/www.corneliagraef.de\/textberatung\/#organization\"},\"potentialAction\":[{\"@type\":\"SearchAction\",\"target\":{\"@type\":\"EntryPoint\",\"urlTemplate\":\"https:\/\/www.corneliagraef.de\/textberatung\/?s={search_term_string}\"},\"query-input\":{\"@type\":\"PropertyValueSpecification\",\"valueRequired\":true,\"valueName\":\"search_term_string\"}}],\"inLanguage\":\"de\"},{\"@type\":\"Organization\",\"@id\":\"https:\/\/www.corneliagraef.de\/textberatung\/#organization\",\"name\":\"Cornelia Gr\u00e4f\",\"url\":\"https:\/\/www.corneliagraef.de\/textberatung\/\",\"logo\":{\"@type\":\"ImageObject\",\"inLanguage\":\"de\",\"@id\":\"https:\/\/www.corneliagraef.de\/textberatung\/#\/schema\/logo\/image\/\",\"url\":\"https:\/\/www.corneliagraef.de\/wp-content\/uploads\/sites\/3\/2019\/08\/cropped-Hero_Textberatung-03_neu.jpg\",\"contentUrl\":\"https:\/\/www.corneliagraef.de\/wp-content\/uploads\/sites\/3\/2019\/08\/cropped-Hero_Textberatung-03_neu.jpg\",\"width\":249,\"height\":250,\"caption\":\"Cornelia Gr\u00e4f\"},\"image\":{\"@id\":\"https:\/\/www.corneliagraef.de\/textberatung\/#\/schema\/logo\/image\/\"}}]}<\/script>\n<!-- \/ Yoast SEO plugin. -->","yoast_head_json":{"title":"Content & SEO - Cornelia Gr\u00e4f","description":"Ich erstelle f\u00fcr Sie online und offline Content: Kategoriebeschreibungen, Produktbeschreibungen, Blog-Artikel, Brosch\u00fcren-Texte und mehr.","robots":{"index":"index","follow":"follow","max-snippet":"max-snippet:-1","max-image-preview":"max-image-preview:large","max-video-preview":"max-video-preview:-1"},"canonical":"https:\/\/www.corneliagraef.de\/textberatung\/content-seo\/","og_locale":"de_DE","og_type":"article","og_title":"Content & SEO - Cornelia Gr\u00e4f","og_description":"Ich erstelle f\u00fcr Sie online und offline Content: Kategoriebeschreibungen, Produktbeschreibungen, Blog-Artikel, Brosch\u00fcren-Texte und mehr.","og_url":"https:\/\/www.corneliagraef.de\/textberatung\/content-seo\/","og_site_name":"Cornelia Gr\u00e4f","article_modified_time":"2019-09-01T10:22:21+00:00","og_image":[{"url":"https:\/\/www.corneliagraef.de\/wp-content\/uploads\/sites\/3\/2019\/07\/wood-cube-473703_1280-300x200.jpg","type":"","width":"","height":""}],"twitter_card":"summary_large_image","schema":{"@context":"https:\/\/schema.org","@graph":[{"@type":"WebPage","@id":"https:\/\/www.corneliagraef.de\/textberatung\/content-seo\/","url":"https:\/\/www.corneliagraef.de\/textberatung\/content-seo\/","name":"Content & SEO - Cornelia Gr\u00e4f","isPartOf":{"@id":"https:\/\/www.corneliagraef.de\/textberatung\/#website"},"primaryImageOfPage":{"@id":"https:\/\/www.corneliagraef.de\/textberatung\/content-seo\/#primaryimage"},"image":{"@id":"https:\/\/www.corneliagraef.de\/textberatung\/content-seo\/#primaryimage"},"thumbnailUrl":"https:\/\/www.corneliagraef.de\/wp-content\/uploads\/sites\/3\/2019\/07\/wood-cube-473703_1280-300x200.jpg","datePublished":"2019-05-01T13:58:25+00:00","dateModified":"2019-09-01T10:22:21+00:00","description":"Ich erstelle f\u00fcr Sie online und offline Content: Kategoriebeschreibungen, Produktbeschreibungen, Blog-Artikel, Brosch\u00fcren-Texte und mehr.","breadcrumb":{"@id":"https:\/\/www.corneliagraef.de\/textberatung\/content-seo\/#breadcrumb"},"inLanguage":"de","potentialAction":[{"@type":"ReadAction","target":["https:\/\/www.corneliagraef.de\/textberatung\/content-seo\/"]}]},{"@type":"ImageObject","inLanguage":"de","@id":"https:\/\/www.corneliagraef.de\/textberatung\/content-seo\/#primaryimage","url":"https:\/\/www.corneliagraef.de\/wp-content\/uploads\/sites\/3\/2019\/07\/wood-cube-473703_1280-300x200.jpg","contentUrl":"https:\/\/www.corneliagraef.de\/wp-content\/uploads\/sites\/3\/2019\/07\/wood-cube-473703_1280-300x200.jpg"},{"@type":"BreadcrumbList","@id":"https:\/\/www.corneliagraef.de\/textberatung\/content-seo\/#breadcrumb","itemListElement":[{"@type":"ListItem","position":1,"name":"Home","item":"https:\/\/www.corneliagraef.de\/textberatung\/"},{"@type":"ListItem","position":2,"name":"Content &#038; SEO"}]},{"@type":"WebSite","@id":"https:\/\/www.corneliagraef.de\/textberatung\/#website","url":"https:\/\/www.corneliagraef.de\/textberatung\/","name":"Cornelia Gr\u00e4f","description":"","publisher":{"@id":"https:\/\/www.corneliagraef.de\/textberatung\/#organization"},"potentialAction":[{"@type":"SearchAction","target":{"@type":"EntryPoint","urlTemplate":"https:\/\/www.corneliagraef.de\/textberatung\/?s={search_term_string}"},"query-input":{"@type":"PropertyValueSpecification","valueRequired":true,"valueName":"search_term_string"}}],"inLanguage":"de"},{"@type":"Organization","@id":"https:\/\/www.corneliagraef.de\/textberatung\/#organization","name":"Cornelia Gr\u00e4f","url":"https:\/\/www.corneliagraef.de\/textberatung\/","logo":{"@type":"ImageObject","inLanguage":"de","@id":"https:\/\/www.corneliagraef.de\/textberatung\/#\/schema\/logo\/image\/","url":"https:\/\/www.corneliagraef.de\/wp-content\/uploads\/sites\/3\/2019\/08\/cropped-Hero_Textberatung-03_neu.jpg","contentUrl":"https:\/\/www.corneliagraef.de\/wp-content\/uploads\/sites\/3\/2019\/08\/cropped-Hero_Textberatung-03_neu.jpg","width":249,"height":250,"caption":"Cornelia Gr\u00e4f"},"image":{"@id":"https:\/\/www.corneliagraef.de\/textberatung\/#\/schema\/logo\/image\/"}}]}},"_links":{"self":[{"href":"https:\/\/www.corneliagraef.de\/textberatung\/wp-json\/wp\/v2\/pages\/15","targetHints":{"allow":["GET"]}}],"collection":[{"href":"https:\/\/www.corneliagraef.de\/textberatung\/wp-json\/wp\/v2\/pages"}],"about":[{"href":"https:\/\/www.corneliagraef.de\/textberatung\/wp-json\/wp\/v2\/types\/page"}],"author":[{"embeddable":true,"href":"https:\/\/www.corneliagraef.de\/textberatung\/wp-json\/wp\/v2\/users\/1"}],"replies":[{"embeddable":true,"href":"https:\/\/www.corneliagraef.de\/textberatung\/wp-json\/wp\/v2\/comments?post=15"}],"version-history":[{"count":7,"href":"https:\/\/www.corneliagraef.de\/textberatung\/wp-json\/wp\/v2\/pages\/15\/revisions"}],"predecessor-version":[{"id":321,"href":"https:\/\/www.corneliagraef.de\/textberatung\/wp-json\/wp\/v2\/pages\/15\/revisions\/321"}],"wp:attachment":[{"href":"https:\/\/www.corneliagraef.de\/textberatung\/wp-json\/wp\/v2\/media?parent=15"}],"curies":[{"name":"wp","href":"https:\/\/api.w.org\/{rel}","templated":true}]}}