{"id":13,"date":"2019-05-01T15:58:16","date_gmt":"2019-05-01T13:58:16","guid":{"rendered":"http:\/\/www.corneliagraef.de\/textberatung\/?page_id=13"},"modified":"2019-08-31T16:21:27","modified_gmt":"2019-08-31T14:21:27","slug":"textberatung-erstellung","status":"publish","type":"page","link":"https:\/\/www.corneliagraef.de\/textberatung\/textberatung-erstellung\/","title":{"rendered":"Textberatung &#038; -erstellung"},"content":{"rendered":"<p>Sie m\u00f6chten eine <strong>Webseite<\/strong> oder<strong> Brosch\u00fcre<\/strong> erstellen, doch Ihnen fehlen einfach die passenden Worte? Egal, ob <strong>pers\u00f6nliches Schreiben<\/strong> oder <strong>professionelles Skript<\/strong> \u2013 ich bin Ihr &#8222;Ghostwriter&#8220; und begleite Sie bei der Texterstellung.<\/p>\n<p><img loading=\"lazy\" decoding=\"async\" class=\"alignleft size-medium wp-image-113\" src=\"http:\/\/www.corneliagraef.de\/textberatung\/wp-content\/uploads\/sites\/3\/2019\/07\/wood-cube-473703_1280-300x200.jpg\" alt=\"\" width=\"300\" height=\"200\" srcset=\"https:\/\/www.corneliagraef.de\/wp-content\/uploads\/sites\/3\/2019\/07\/wood-cube-473703_1280-300x200.jpg 300w, https:\/\/www.corneliagraef.de\/wp-content\/uploads\/sites\/3\/2019\/07\/wood-cube-473703_1280-768x512.jpg 768w, https:\/\/www.corneliagraef.de\/wp-content\/uploads\/sites\/3\/2019\/07\/wood-cube-473703_1280-1024x682.jpg 1024w, https:\/\/www.corneliagraef.de\/wp-content\/uploads\/sites\/3\/2019\/07\/wood-cube-473703_1280.jpg 1280w\" sizes=\"auto, (max-width: 300px) 100vw, 300px\" \/>Welche <strong>Zielgruppe<\/strong> soll angesprochen werden? Welches <strong>Image<\/strong> m\u00f6chten Sie mit dem Text vermitteln? Was soll der Text erreichen?<\/p>\n<p>Diese und andere Fragen gilt es in der Textberatung zu kl\u00e4ren, bevor ein <strong>hochwertiger und erfolgreicher Text<\/strong> entsteht.<\/p>\n<p>Ich bespreche mit Ihnen, welcher <strong>Sprachstil<\/strong> und welche <strong>Ausdrucksweise<\/strong> f\u00fcr Ihr Anliegen am besten geeignet sind und verfasse nach Wunsch auch die entsprechenden Texte. Gerne \u00fcberarbeite ich auch bereits existierende Textpassagen, falls diese nicht mehr aktuell sind oder nicht die gew\u00fcnschte Qualit\u00e4t haben.<\/p>\n<p>Dies gilt selbstverst\u00e4ndlich auch f\u00fcr <strong><a href=\"http:\/\/www.corneliagraef.de\/textberatung\/content-seo\/\">Online-Content<\/a><\/strong>.<\/p>\n<p>Nehmen Sie f\u00fcr ein <strong>individuelles Angebot<\/strong> <a href=\"http:\/\/www.corneliagraef.de\/textberatung\/kontakt\/\">Kontakt<\/a> mit mir auf!<\/p>\n","protected":false},"excerpt":{"rendered":"<p>Sie m\u00f6chten eine Webseite oder Brosch\u00fcre erstellen, doch Ihnen fehlen einfach die passenden Worte? Egal, ob pers\u00f6nliches Schreiben oder professionelles Skript \u2013 ich bin Ihr &#8222;Ghostwriter&#8220; und begleite Sie bei der Texterstellung. Welche Zielgruppe soll angesprochen werden? Welches Image m\u00f6chten Sie mit dem Text vermitteln? Was soll der Text erreichen? Diese und andere Fragen gilt &hellip; <\/p>\n<p class=\"link-more\"><a href=\"https:\/\/www.corneliagraef.de\/textberatung\/textberatung-erstellung\/\" class=\"more-link\"><span class=\"screen-reader-text\">\u201eTextberatung &#038; -erstellung\u201c<\/span> weiterlesen<\/a><\/p>\n","protected":false},"author":1,"featured_media":0,"parent":0,"menu_order":0,"comment_status":"closed","ping_status":"closed","template":"","meta":{"inline_featured_image":false,"_monsterinsights_skip_tracking":false,"_monsterinsights_sitenote_active":false,"_monsterinsights_sitenote_note":"","_monsterinsights_sitenote_category":0,"footnotes":""},"class_list":["post-13","page","type-page","status-publish","hentry"],"yoast_head":"<!-- This site is optimized with the Yoast SEO plugin v26.0 - https:\/\/yoast.com\/wordpress\/plugins\/seo\/ -->\n<title>Textberatung &amp; -erstellung - Cornelia Gr\u00e4f - Ihre Text-Expertin<\/title>\n<meta name=\"description\" content=\"Um den idealen Text oder Content f\u00fcr Ihren Zweck und Ihre Zielgruppe zu bekommen, biete ich Ihnen eine professionelle Textberatung.\" \/>\n<meta name=\"robots\" content=\"index, follow, max-snippet:-1, max-image-preview:large, max-video-preview:-1\" \/>\n<link rel=\"canonical\" href=\"https:\/\/www.corneliagraef.de\/textberatung\/textberatung-erstellung\/\" \/>\n<meta property=\"og:locale\" content=\"de_DE\" \/>\n<meta property=\"og:type\" content=\"article\" \/>\n<meta property=\"og:title\" content=\"Textberatung &amp; -erstellung - Cornelia Gr\u00e4f - Ihre Text-Expertin\" \/>\n<meta property=\"og:description\" content=\"Um den idealen Text oder Content f\u00fcr Ihren Zweck und Ihre Zielgruppe zu bekommen, biete ich Ihnen eine professionelle Textberatung.\" \/>\n<meta property=\"og:url\" content=\"https:\/\/www.corneliagraef.de\/textberatung\/textberatung-erstellung\/\" \/>\n<meta property=\"og:site_name\" content=\"Cornelia Gr\u00e4f\" \/>\n<meta property=\"article:modified_time\" content=\"2019-08-31T14:21:27+00:00\" \/>\n<meta property=\"og:image\" content=\"http:\/\/www.corneliagraef.de\/textberatung\/wp-content\/uploads\/sites\/3\/2019\/07\/wood-cube-473703_1280-300x200.jpg\" \/>\n<meta name=\"twitter:card\" content=\"summary_large_image\" \/>\n<meta name=\"twitter:label1\" content=\"Gesch\u00e4tzte Lesezeit\" \/>\n\t<meta name=\"twitter:data1\" content=\"1\u00a0Minute\" \/>\n<script type=\"application\/ld+json\" class=\"yoast-schema-graph\">{\"@context\":\"https:\/\/schema.org\",\"@graph\":[{\"@type\":\"WebPage\",\"@id\":\"https:\/\/www.corneliagraef.de\/textberatung\/textberatung-erstellung\/\",\"url\":\"https:\/\/www.corneliagraef.de\/textberatung\/textberatung-erstellung\/\",\"name\":\"Textberatung & -erstellung - Cornelia Gr\u00e4f - Ihre Text-Expertin\",\"isPartOf\":{\"@id\":\"https:\/\/www.corneliagraef.de\/textberatung\/#website\"},\"primaryImageOfPage\":{\"@id\":\"https:\/\/www.corneliagraef.de\/textberatung\/textberatung-erstellung\/#primaryimage\"},\"image\":{\"@id\":\"https:\/\/www.corneliagraef.de\/textberatung\/textberatung-erstellung\/#primaryimage\"},\"thumbnailUrl\":\"http:\/\/www.corneliagraef.de\/textberatung\/wp-content\/uploads\/sites\/3\/2019\/07\/wood-cube-473703_1280-300x200.jpg\",\"datePublished\":\"2019-05-01T13:58:16+00:00\",\"dateModified\":\"2019-08-31T14:21:27+00:00\",\"description\":\"Um den idealen Text oder Content f\u00fcr Ihren Zweck und Ihre Zielgruppe zu bekommen, biete ich Ihnen eine professionelle Textberatung.\",\"breadcrumb\":{\"@id\":\"https:\/\/www.corneliagraef.de\/textberatung\/textberatung-erstellung\/#breadcrumb\"},\"inLanguage\":\"de\",\"potentialAction\":[{\"@type\":\"ReadAction\",\"target\":[\"https:\/\/www.corneliagraef.de\/textberatung\/textberatung-erstellung\/\"]}]},{\"@type\":\"ImageObject\",\"inLanguage\":\"de\",\"@id\":\"https:\/\/www.corneliagraef.de\/textberatung\/textberatung-erstellung\/#primaryimage\",\"url\":\"http:\/\/www.corneliagraef.de\/textberatung\/wp-content\/uploads\/sites\/3\/2019\/07\/wood-cube-473703_1280-300x200.jpg\",\"contentUrl\":\"http:\/\/www.corneliagraef.de\/textberatung\/wp-content\/uploads\/sites\/3\/2019\/07\/wood-cube-473703_1280-300x200.jpg\"},{\"@type\":\"BreadcrumbList\",\"@id\":\"https:\/\/www.corneliagraef.de\/textberatung\/textberatung-erstellung\/#breadcrumb\",\"itemListElement\":[{\"@type\":\"ListItem\",\"position\":1,\"name\":\"Home\",\"item\":\"https:\/\/www.corneliagraef.de\/textberatung\/\"},{\"@type\":\"ListItem\",\"position\":2,\"name\":\"Textberatung &#038; -erstellung\"}]},{\"@type\":\"WebSite\",\"@id\":\"https:\/\/www.corneliagraef.de\/textberatung\/#website\",\"url\":\"https:\/\/www.corneliagraef.de\/textberatung\/\",\"name\":\"Cornelia Gr\u00e4f\",\"description\":\"\",\"publisher\":{\"@id\":\"https:\/\/www.corneliagraef.de\/textberatung\/#organization\"},\"potentialAction\":[{\"@type\":\"SearchAction\",\"target\":{\"@type\":\"EntryPoint\",\"urlTemplate\":\"https:\/\/www.corneliagraef.de\/textberatung\/?s={search_term_string}\"},\"query-input\":{\"@type\":\"PropertyValueSpecification\",\"valueRequired\":true,\"valueName\":\"search_term_string\"}}],\"inLanguage\":\"de\"},{\"@type\":\"Organization\",\"@id\":\"https:\/\/www.corneliagraef.de\/textberatung\/#organization\",\"name\":\"Cornelia Gr\u00e4f\",\"url\":\"https:\/\/www.corneliagraef.de\/textberatung\/\",\"logo\":{\"@type\":\"ImageObject\",\"inLanguage\":\"de\",\"@id\":\"https:\/\/www.corneliagraef.de\/textberatung\/#\/schema\/logo\/image\/\",\"url\":\"https:\/\/www.corneliagraef.de\/wp-content\/uploads\/sites\/3\/2019\/08\/cropped-Hero_Textberatung-03_neu.jpg\",\"contentUrl\":\"https:\/\/www.corneliagraef.de\/wp-content\/uploads\/sites\/3\/2019\/08\/cropped-Hero_Textberatung-03_neu.jpg\",\"width\":249,\"height\":250,\"caption\":\"Cornelia Gr\u00e4f\"},\"image\":{\"@id\":\"https:\/\/www.corneliagraef.de\/textberatung\/#\/schema\/logo\/image\/\"}}]}<\/script>\n<!-- \/ Yoast SEO plugin. -->","yoast_head_json":{"title":"Textberatung & -erstellung - Cornelia Gr\u00e4f - Ihre Text-Expertin","description":"Um den idealen Text oder Content f\u00fcr Ihren Zweck und Ihre Zielgruppe zu bekommen, biete ich Ihnen eine professionelle Textberatung.","robots":{"index":"index","follow":"follow","max-snippet":"max-snippet:-1","max-image-preview":"max-image-preview:large","max-video-preview":"max-video-preview:-1"},"canonical":"https:\/\/www.corneliagraef.de\/textberatung\/textberatung-erstellung\/","og_locale":"de_DE","og_type":"article","og_title":"Textberatung & -erstellung - Cornelia Gr\u00e4f - Ihre Text-Expertin","og_description":"Um den idealen Text oder Content f\u00fcr Ihren Zweck und Ihre Zielgruppe zu bekommen, biete ich Ihnen eine professionelle Textberatung.","og_url":"https:\/\/www.corneliagraef.de\/textberatung\/textberatung-erstellung\/","og_site_name":"Cornelia Gr\u00e4f","article_modified_time":"2019-08-31T14:21:27+00:00","og_image":[{"url":"http:\/\/www.corneliagraef.de\/textberatung\/wp-content\/uploads\/sites\/3\/2019\/07\/wood-cube-473703_1280-300x200.jpg","type":"","width":"","height":""}],"twitter_card":"summary_large_image","twitter_misc":{"Gesch\u00e4tzte Lesezeit":"1\u00a0Minute"},"schema":{"@context":"https:\/\/schema.org","@graph":[{"@type":"WebPage","@id":"https:\/\/www.corneliagraef.de\/textberatung\/textberatung-erstellung\/","url":"https:\/\/www.corneliagraef.de\/textberatung\/textberatung-erstellung\/","name":"Textberatung & -erstellung - Cornelia Gr\u00e4f - Ihre Text-Expertin","isPartOf":{"@id":"https:\/\/www.corneliagraef.de\/textberatung\/#website"},"primaryImageOfPage":{"@id":"https:\/\/www.corneliagraef.de\/textberatung\/textberatung-erstellung\/#primaryimage"},"image":{"@id":"https:\/\/www.corneliagraef.de\/textberatung\/textberatung-erstellung\/#primaryimage"},"thumbnailUrl":"http:\/\/www.corneliagraef.de\/textberatung\/wp-content\/uploads\/sites\/3\/2019\/07\/wood-cube-473703_1280-300x200.jpg","datePublished":"2019-05-01T13:58:16+00:00","dateModified":"2019-08-31T14:21:27+00:00","description":"Um den idealen Text oder Content f\u00fcr Ihren Zweck und Ihre Zielgruppe zu bekommen, biete ich Ihnen eine professionelle Textberatung.","breadcrumb":{"@id":"https:\/\/www.corneliagraef.de\/textberatung\/textberatung-erstellung\/#breadcrumb"},"inLanguage":"de","potentialAction":[{"@type":"ReadAction","target":["https:\/\/www.corneliagraef.de\/textberatung\/textberatung-erstellung\/"]}]},{"@type":"ImageObject","inLanguage":"de","@id":"https:\/\/www.corneliagraef.de\/textberatung\/textberatung-erstellung\/#primaryimage","url":"http:\/\/www.corneliagraef.de\/textberatung\/wp-content\/uploads\/sites\/3\/2019\/07\/wood-cube-473703_1280-300x200.jpg","contentUrl":"http:\/\/www.corneliagraef.de\/textberatung\/wp-content\/uploads\/sites\/3\/2019\/07\/wood-cube-473703_1280-300x200.jpg"},{"@type":"BreadcrumbList","@id":"https:\/\/www.corneliagraef.de\/textberatung\/textberatung-erstellung\/#breadcrumb","itemListElement":[{"@type":"ListItem","position":1,"name":"Home","item":"https:\/\/www.corneliagraef.de\/textberatung\/"},{"@type":"ListItem","position":2,"name":"Textberatung &#038; -erstellung"}]},{"@type":"WebSite","@id":"https:\/\/www.corneliagraef.de\/textberatung\/#website","url":"https:\/\/www.corneliagraef.de\/textberatung\/","name":"Cornelia Gr\u00e4f","description":"","publisher":{"@id":"https:\/\/www.corneliagraef.de\/textberatung\/#organization"},"potentialAction":[{"@type":"SearchAction","target":{"@type":"EntryPoint","urlTemplate":"https:\/\/www.corneliagraef.de\/textberatung\/?s={search_term_string}"},"query-input":{"@type":"PropertyValueSpecification","valueRequired":true,"valueName":"search_term_string"}}],"inLanguage":"de"},{"@type":"Organization","@id":"https:\/\/www.corneliagraef.de\/textberatung\/#organization","name":"Cornelia Gr\u00e4f","url":"https:\/\/www.corneliagraef.de\/textberatung\/","logo":{"@type":"ImageObject","inLanguage":"de","@id":"https:\/\/www.corneliagraef.de\/textberatung\/#\/schema\/logo\/image\/","url":"https:\/\/www.corneliagraef.de\/wp-content\/uploads\/sites\/3\/2019\/08\/cropped-Hero_Textberatung-03_neu.jpg","contentUrl":"https:\/\/www.corneliagraef.de\/wp-content\/uploads\/sites\/3\/2019\/08\/cropped-Hero_Textberatung-03_neu.jpg","width":249,"height":250,"caption":"Cornelia Gr\u00e4f"},"image":{"@id":"https:\/\/www.corneliagraef.de\/textberatung\/#\/schema\/logo\/image\/"}}]}},"_links":{"self":[{"href":"https:\/\/www.corneliagraef.de\/textberatung\/wp-json\/wp\/v2\/pages\/13","targetHints":{"allow":["GET"]}}],"collection":[{"href":"https:\/\/www.corneliagraef.de\/textberatung\/wp-json\/wp\/v2\/pages"}],"about":[{"href":"https:\/\/www.corneliagraef.de\/textberatung\/wp-json\/wp\/v2\/types\/page"}],"author":[{"embeddable":true,"href":"https:\/\/www.corneliagraef.de\/textberatung\/wp-json\/wp\/v2\/users\/1"}],"replies":[{"embeddable":true,"href":"https:\/\/www.corneliagraef.de\/textberatung\/wp-json\/wp\/v2\/comments?post=13"}],"version-history":[{"count":6,"href":"https:\/\/www.corneliagraef.de\/textberatung\/wp-json\/wp\/v2\/pages\/13\/revisions"}],"predecessor-version":[{"id":305,"href":"https:\/\/www.corneliagraef.de\/textberatung\/wp-json\/wp\/v2\/pages\/13\/revisions\/305"}],"wp:attachment":[{"href":"https:\/\/www.corneliagraef.de\/textberatung\/wp-json\/wp\/v2\/media?parent=13"}],"curies":[{"name":"wp","href":"https:\/\/api.w.org\/{rel}","templated":true}]}}